{"id":25310,"date":"2024-02-07T20:21:01","date_gmt":"2024-02-07T18:21:01","guid":{"rendered":"http:\/\/localhost\/adnartLatest\/?post_type=product&#038;p=25310"},"modified":"2026-02-18T16:37:35","modified_gmt":"2026-02-18T14:37:35","slug":"asobu-explorer-sm80","status":"publish","type":"product","link":"https:\/\/dev.adnart.com\/fr\/produit\/asobu-explorer-sm80\/","title":{"rendered":"ASOBU Explorer &#8211; SM80"},"content":{"rendered":"<p>Un grand gobelet pour le caf\u00e9 glac\u00e9 ou le smoothie ? Oui, s&#8217;il vous pla\u00eet ! L&#8217;<strong>ASOBU Explorer<\/strong> rejoint notre gamme de produits Clear-Insulation qui assurent l&#8217;isolation de votre boisson froide. Il est dot\u00e9 d&#8217;une fen\u00eatre transparente (pour que vous sachiez quand vous avez besoin d&#8217;une recharge) en Tritan\u2122 durable.  L&#8217;Explorer est \u00e9galement dot\u00e9 d&#8217;un couvercle facile \u00e0 boire et d&#8217;une paille r\u00e9utilisable bien rang\u00e9e, avec un design \u00e0 trois couches pour votre macchiato glac\u00e9 suppl\u00e9mentaire. Le couvercle \u00e0 double fonction s&#8217;adapte \u00e0 la fois au grand corps en Tritan\u2122 et au manchon isolant qui peut \u00eatre facilement retir\u00e9 pour un mug de voyage chaud en d\u00e9placement.<\/p>\n<p><strong>Ce produit est exempt de BPA et de plomb.<\/strong><\/p>\n","protected":false},"excerpt":{"rendered":"<p>Gobelet en acier inoxydable avec couvercle \u00e0 double fonction<\/p>\n","protected":false},"featured_media":29680,"comment_status":"open","ping_status":"closed","template":"","meta":{"inventory_464_copy":"<p>API to MS ACCESS<\/p>\n"},"product_brand":[],"product_cat":[1613,210,2383,1893,2380,1612,1586,2618],"product_tag":[220,238,215,229,230,216,213,226,2581],"product-themes":[],"special":[],"class_list":{"0":"post-25310","1":"product","2":"type-product","3":"status-publish","4":"has-post-thumbnail","6":"product_cat-tritan-verre","7":"product_cat-bouteilles","8":"product_cat-inventaire-approfondi","9":"product_cat-meilleures-ventes","10":"product_cat-nouvel-arrivage","11":"product_cat-tasses-et-gobelets-de-voyage","12":"product_cat-tasses-et-gobelets-en-acier-inoxydable","13":"product_cat-tous-les-produits","14":"product_tag-acier-inoxydable-a-double-paroi-fr","15":"product_tag-couvercle-a-ouverture-rapide-pour-les-boissons-chaudes-fr","16":"product_tag-couvercle-etanche","17":"product_tag-finition-par-revetement-en-poudre-fr","18":"product_tag-ouverture-de-la-paille","19":"product_tag-paille-de-tritan","20":"product_tag-pour-les-boissons-chaudes-ou-froides","21":"product_tag-revetement-en-cuivre-fr","22":"product_tag-vacuum-insulated-fr","23":"pa_color-basilic-vert","24":"pa_color-blanc","25":"pa_color-noir","26":"pa_materials-acier-inoxydable","27":"pa_materials-tritan-fr","29":"first","30":"instock","31":"shipping-taxable","32":"purchasable","33":"product-type-variable"},"_links":{"self":[{"href":"https:\/\/dev.adnart.com\/fr\/wp-json\/wp\/v2\/product\/25310","targetHints":{"allow":["GET"]}}],"collection":[{"href":"https:\/\/dev.adnart.com\/fr\/wp-json\/wp\/v2\/product"}],"about":[{"href":"https:\/\/dev.adnart.com\/fr\/wp-json\/wp\/v2\/types\/product"}],"replies":[{"embeddable":true,"href":"https:\/\/dev.adnart.com\/fr\/wp-json\/wp\/v2\/comments?post=25310"}],"version-history":[{"count":4,"href":"https:\/\/dev.adnart.com\/fr\/wp-json\/wp\/v2\/product\/25310\/revisions"}],"predecessor-version":[{"id":30296,"href":"https:\/\/dev.adnart.com\/fr\/wp-json\/wp\/v2\/product\/25310\/revisions\/30296"}],"wp:featuredmedia":[{"embeddable":true,"href":"https:\/\/dev.adnart.com\/fr\/wp-json\/wp\/v2\/media\/29680"}],"wp:attachment":[{"href":"https:\/\/dev.adnart.com\/fr\/wp-json\/wp\/v2\/media?parent=25310"}],"wp:term":[{"taxonomy":"product_brand","embeddable":true,"href":"https:\/\/dev.adnart.com\/fr\/wp-json\/wp\/v2\/product_brand?post=25310"},{"taxonomy":"product_cat","embeddable":true,"href":"https:\/\/dev.adnart.com\/fr\/wp-json\/wp\/v2\/product_cat?post=25310"},{"taxonomy":"product_tag","embeddable":true,"href":"https:\/\/dev.adnart.com\/fr\/wp-json\/wp\/v2\/product_tag?post=25310"},{"taxonomy":"product-themes","embeddable":true,"href":"https:\/\/dev.adnart.com\/fr\/wp-json\/wp\/v2\/product-themes?post=25310"},{"taxonomy":"special","embeddable":true,"href":"https:\/\/dev.adnart.com\/fr\/wp-json\/wp\/v2\/special?post=25310"}],"curies":[{"name":"wp","href":"https:\/\/api.w.org\/{rel}","templated":true}]}}