{"id":20119,"date":"2024-01-10T10:41:53","date_gmt":"2024-01-10T10:41:53","guid":{"rendered":"http:\/\/localhost\/adnartLatest\/?post_type=product&#038;p=20119"},"modified":"2026-02-20T07:57:10","modified_gmt":"2026-02-20T05:57:10","slug":"tribeca-mug-hg131","status":"publish","type":"product","link":"https:\/\/dev.adnart.com\/fr\/produit\/tribeca-mug-hg131\/","title":{"rendered":"Mug Tribeca-HG131"},"content":{"rendered":"<p>Ad n Art propose une large gamme de tasses \u00e0 caf\u00e9 et \u00e0 th\u00e9 de qualit\u00e9, r\u00e9sistantes \u00e0 la chaleur&#8230; des tasses en verre sp\u00e9cialis\u00e9es pour le caf\u00e9 irlandais et les th\u00e9s infus\u00e9s, aux grandes tasses de 16 oz de capacit\u00e9, pour les caf\u00e9s et th\u00e9s fins richement infus\u00e9s et vieillis !<\/p>\n<p>Nous avons des tasses en verre sp\u00e9cifiques pour les \u00e9v\u00e9nements formels et les repas ou \u00e9v\u00e9nements d\u00e9contract\u00e9s.<\/p>\n<p>Toute notre verrerie est fabriqu\u00e9e aux \u00c9tats-Unis ou en Europe, nous ne proposons que des verres \u00e0 pied de qualit\u00e9 reconnue qui r\u00e9sisteront au lave-vaisselle et seront \u00e9l\u00e9gants pour les \u00e9v\u00e9nements de restauration ou de d\u00e9gustation.<\/p>\n<p><strong>Ce produit est exempt de BPA et de plomb.<\/strong><\/p>\n","protected":false},"excerpt":{"rendered":"<p>Gobelet en acier inoxydable avec couvercle \u00e0 double fonction<\/p>\n","protected":false},"featured_media":30913,"comment_status":"open","ping_status":"closed","template":"","meta":{"inventory_464_copy":"<p>API to MS ACCESS<\/p>\n"},"product_brand":[],"product_cat":[1893,277,2618,1594],"product_tag":[1778,299,444],"product-themes":[],"special":[],"class_list":{"0":"post-20119","1":"product","2":"type-product","3":"status-publish","4":"has-post-thumbnail","6":"product_cat-meilleures-ventes","7":"product_cat-mugs-fr","8":"product_cat-tous-les-produits","9":"product_cat-verrerie","10":"product_tag-mug-en-verre","11":"product_tag-sans-bpa","12":"product_tag-tasse-a-cafe-fr","13":"pa_color-clair","14":"pa_materials-verre","16":"first","17":"instock","18":"shipping-taxable","19":"purchasable","20":"product-type-simple"},"_links":{"self":[{"href":"https:\/\/dev.adnart.com\/fr\/wp-json\/wp\/v2\/product\/20119","targetHints":{"allow":["GET"]}}],"collection":[{"href":"https:\/\/dev.adnart.com\/fr\/wp-json\/wp\/v2\/product"}],"about":[{"href":"https:\/\/dev.adnart.com\/fr\/wp-json\/wp\/v2\/types\/product"}],"replies":[{"embeddable":true,"href":"https:\/\/dev.adnart.com\/fr\/wp-json\/wp\/v2\/comments?post=20119"}],"version-history":[{"count":4,"href":"https:\/\/dev.adnart.com\/fr\/wp-json\/wp\/v2\/product\/20119\/revisions"}],"predecessor-version":[{"id":31072,"href":"https:\/\/dev.adnart.com\/fr\/wp-json\/wp\/v2\/product\/20119\/revisions\/31072"}],"wp:featuredmedia":[{"embeddable":true,"href":"https:\/\/dev.adnart.com\/fr\/wp-json\/wp\/v2\/media\/30913"}],"wp:attachment":[{"href":"https:\/\/dev.adnart.com\/fr\/wp-json\/wp\/v2\/media?parent=20119"}],"wp:term":[{"taxonomy":"product_brand","embeddable":true,"href":"https:\/\/dev.adnart.com\/fr\/wp-json\/wp\/v2\/product_brand?post=20119"},{"taxonomy":"product_cat","embeddable":true,"href":"https:\/\/dev.adnart.com\/fr\/wp-json\/wp\/v2\/product_cat?post=20119"},{"taxonomy":"product_tag","embeddable":true,"href":"https:\/\/dev.adnart.com\/fr\/wp-json\/wp\/v2\/product_tag?post=20119"},{"taxonomy":"product-themes","embeddable":true,"href":"https:\/\/dev.adnart.com\/fr\/wp-json\/wp\/v2\/product-themes?post=20119"},{"taxonomy":"special","embeddable":true,"href":"https:\/\/dev.adnart.com\/fr\/wp-json\/wp\/v2\/special?post=20119"}],"curies":[{"name":"wp","href":"https:\/\/api.w.org\/{rel}","templated":true}]}}