{"id":20091,"date":"2024-01-10T10:01:03","date_gmt":"2024-01-10T10:01:03","guid":{"rendered":"http:\/\/localhost\/adnartLatest\/?post_type=product&#038;p=20091"},"modified":"2026-02-20T07:58:15","modified_gmt":"2026-02-20T05:58:15","slug":"tea-party-mug-set-td1","status":"publish","type":"product","link":"https:\/\/dev.adnart.com\/fr\/produit\/tea-party-mug-set-td1\/","title":{"rendered":"Set de tasses Tea Party &#8211; TD1"},"content":{"rendered":"<p><span data-sheets-root=\"1\" data-sheets-value=\"{\"1\":2,\"2\":\"This deep infuser mug is great for gourmet tea. The heat resistant glass is stain &amp; odor free. The stainless steel strainer holds loose-leaf tea while the lid functions as a saucer for the strainer.\"}\" data-sheets-userformat=\"{\"2\":14785,\"3\":{\"1\":1},\"9\":0,\"10\":0,\"11\":4,\"14\":{\"1\":2,\"2\":0},\"15\":\"Tahoma\",\"16\":8}\">Cette tasse \u00e0 infusion profonde est id\u00e9ale pour le th\u00e9 gourmet. Le verre r\u00e9sistant \u00e0 la chaleur est exempt de taches et d&#8217;odeurs. La passoire en acier inoxydable permet de conserver le th\u00e9 en vrac, tandis que le couvercle sert de soucoupe \u00e0 la passoire.  <\/span><\/p>\n<p><strong>Ce produit est exempt de BPA et de plomb.<\/strong><\/p>\n<p>&nbsp;<\/p>\n","protected":false},"excerpt":{"rendered":"<p>Gobelet en acier inoxydable avec couvercle \u00e0 double fonction<\/p>\n","protected":false},"featured_media":34362,"comment_status":"open","ping_status":"closed","template":"","meta":{"inventory_464_copy":"<p>API to MS ACCESS<\/p>\n"},"product_brand":[],"product_cat":[277,2618,1594],"product_tag":[1622,1625,1614,329,1615,2575,1604,1608,369,1597,1606,1628],"product-themes":[],"special":[],"class_list":{"0":"post-20091","1":"product","2":"type-product","3":"status-publish","4":"has-post-thumbnail","6":"product_cat-mugs-fr","7":"product_cat-tous-les-produits","8":"product_cat-verrerie","9":"product_tag-15-oz-fr","10":"product_tag-450-ml-fr","11":"product_tag-boissons","12":"product_tag-bouche-large","13":"product_tag-cylindrique","14":"product_tag-glassware-fr","15":"product_tag-infuseur-a-the","16":"product_tag-poignee-doreille","17":"product_tag-tasse-a-cafe","18":"product_tag-transparent-fr","19":"product_tag-verre","20":"product_tag-verre-resistant-a-la-chaleur","21":"pa_color-clair","22":"pa_materials-verre","24":"first","25":"instock","26":"shipping-taxable","27":"purchasable","28":"product-type-simple"},"_links":{"self":[{"href":"https:\/\/dev.adnart.com\/fr\/wp-json\/wp\/v2\/product\/20091","targetHints":{"allow":["GET"]}}],"collection":[{"href":"https:\/\/dev.adnart.com\/fr\/wp-json\/wp\/v2\/product"}],"about":[{"href":"https:\/\/dev.adnart.com\/fr\/wp-json\/wp\/v2\/types\/product"}],"replies":[{"embeddable":true,"href":"https:\/\/dev.adnart.com\/fr\/wp-json\/wp\/v2\/comments?post=20091"}],"version-history":[{"count":8,"href":"https:\/\/dev.adnart.com\/fr\/wp-json\/wp\/v2\/product\/20091\/revisions"}],"predecessor-version":[{"id":34073,"href":"https:\/\/dev.adnart.com\/fr\/wp-json\/wp\/v2\/product\/20091\/revisions\/34073"}],"wp:featuredmedia":[{"embeddable":true,"href":"https:\/\/dev.adnart.com\/fr\/wp-json\/wp\/v2\/media\/34362"}],"wp:attachment":[{"href":"https:\/\/dev.adnart.com\/fr\/wp-json\/wp\/v2\/media?parent=20091"}],"wp:term":[{"taxonomy":"product_brand","embeddable":true,"href":"https:\/\/dev.adnart.com\/fr\/wp-json\/wp\/v2\/product_brand?post=20091"},{"taxonomy":"product_cat","embeddable":true,"href":"https:\/\/dev.adnart.com\/fr\/wp-json\/wp\/v2\/product_cat?post=20091"},{"taxonomy":"product_tag","embeddable":true,"href":"https:\/\/dev.adnart.com\/fr\/wp-json\/wp\/v2\/product_tag?post=20091"},{"taxonomy":"product-themes","embeddable":true,"href":"https:\/\/dev.adnart.com\/fr\/wp-json\/wp\/v2\/product-themes?post=20091"},{"taxonomy":"special","embeddable":true,"href":"https:\/\/dev.adnart.com\/fr\/wp-json\/wp\/v2\/special?post=20091"}],"curies":[{"name":"wp","href":"https:\/\/api.w.org\/{rel}","templated":true}]}}