{"id":20058,"date":"2024-01-10T09:14:56","date_gmt":"2024-01-10T09:14:56","guid":{"rendered":"http:\/\/localhost\/adnartLatest\/?post_type=product&#038;p=20058"},"modified":"2026-02-20T08:00:35","modified_gmt":"2026-02-20T06:00:35","slug":"asobu-mighty-flask-vacuum-insulated-bottle-40-oz-tmf5","status":"publish","type":"product","link":"https:\/\/dev.adnart.com\/fr\/produit\/asobu-mighty-flask-vacuum-insulated-bottle-40-oz-tmf5\/","title":{"rendered":"ASOBU Mighty Flask -TMF5"},"content":{"rendered":"<p>La nouvelle gourde ASOBU Mighty Flask s&#8217;appuie sur l&#8217;excellence de l&#8217;original avec des am\u00e9liorations int\u00e9ressantes. Elle est d\u00e9sormais dot\u00e9e d&#8217;une poign\u00e9e facile \u00e0 saisir, id\u00e9ale pour les activit\u00e9s de plein air. Une autre am\u00e9lioration majeure est le bec redessin\u00e9, qui permet de boire ou de verser sans effort et sans avoir \u00e0 retirer le couvercle entier. La <strong>TMF5<\/strong> a une capacit\u00e9 de 1 litre (40 oz), ce qui permet de s&#8217;hydrater tout au long de la journ\u00e9e. Profitez de la m\u00eame tradition fiable de la gourde Mighty Flask d&#8217;ASOBU, maintenant am\u00e9lior\u00e9e par ces am\u00e9liorations bien pens\u00e9es pour une exp\u00e9rience encore meilleure !    <\/p>\n<p><strong>Ce produit est exempt de BPA et de plomb.<\/strong><\/p>\n","protected":false},"excerpt":{"rendered":"<p>Gobelet en acier inoxydable avec couvercle \u00e0 double fonction<\/p>\n","protected":false},"featured_media":30693,"comment_status":"open","ping_status":"closed","template":"","meta":{"inventory_464_copy":"<p>API to MS ACCESS<\/p>\n"},"product_brand":[],"product_cat":[1600,210,276,2383,1893,2618],"product_tag":[2577,1753,1704,1683,1746,1739,1741,1743,1703,1750],"product-themes":[],"special":[],"class_list":{"0":"post-20058","1":"product","2":"type-product","3":"status-publish","4":"has-post-thumbnail","6":"product_cat-acier-inoxydable","7":"product_cat-bouteilles","8":"product_cat-gobelets","9":"product_cat-inventaire-approfondi","10":"product_cat-meilleures-ventes","11":"product_cat-tous-les-produits","12":"product_tag-18-8-stainless-steel-fr","13":"product_tag-40-oz-capacite","14":"product_tag-isolation-double-paroi-sous-vide","15":"product_tag-nettoyage-facile","16":"product_tag-ouverture-du-duel","17":"product_tag-poignee-facile-a-saisir","18":"product_tag-retention-de-la-chaleur-pendant-12-heures","19":"product_tag-retention-du-froid-pendant-24-heures","20":"product_tag-revetement-en-cuivre-fr-2","21":"product_tag-sans-fuite","22":"pa_color-bleu-fr","23":"pa_color-noir","24":"pa_color-vert","25":"pa_materials-acier-inoxydable","27":"first","28":"instock","29":"shipping-taxable","30":"purchasable","31":"product-type-variable"},"_links":{"self":[{"href":"https:\/\/dev.adnart.com\/fr\/wp-json\/wp\/v2\/product\/20058","targetHints":{"allow":["GET"]}}],"collection":[{"href":"https:\/\/dev.adnart.com\/fr\/wp-json\/wp\/v2\/product"}],"about":[{"href":"https:\/\/dev.adnart.com\/fr\/wp-json\/wp\/v2\/types\/product"}],"replies":[{"embeddable":true,"href":"https:\/\/dev.adnart.com\/fr\/wp-json\/wp\/v2\/comments?post=20058"}],"version-history":[{"count":6,"href":"https:\/\/dev.adnart.com\/fr\/wp-json\/wp\/v2\/product\/20058\/revisions"}],"predecessor-version":[{"id":34075,"href":"https:\/\/dev.adnart.com\/fr\/wp-json\/wp\/v2\/product\/20058\/revisions\/34075"}],"wp:featuredmedia":[{"embeddable":true,"href":"https:\/\/dev.adnart.com\/fr\/wp-json\/wp\/v2\/media\/30693"}],"wp:attachment":[{"href":"https:\/\/dev.adnart.com\/fr\/wp-json\/wp\/v2\/media?parent=20058"}],"wp:term":[{"taxonomy":"product_brand","embeddable":true,"href":"https:\/\/dev.adnart.com\/fr\/wp-json\/wp\/v2\/product_brand?post=20058"},{"taxonomy":"product_cat","embeddable":true,"href":"https:\/\/dev.adnart.com\/fr\/wp-json\/wp\/v2\/product_cat?post=20058"},{"taxonomy":"product_tag","embeddable":true,"href":"https:\/\/dev.adnart.com\/fr\/wp-json\/wp\/v2\/product_tag?post=20058"},{"taxonomy":"product-themes","embeddable":true,"href":"https:\/\/dev.adnart.com\/fr\/wp-json\/wp\/v2\/product-themes?post=20058"},{"taxonomy":"special","embeddable":true,"href":"https:\/\/dev.adnart.com\/fr\/wp-json\/wp\/v2\/special?post=20058"}],"curies":[{"name":"wp","href":"https:\/\/api.w.org\/{rel}","templated":true}]}}