{"id":20048,"date":"2024-01-10T09:04:28","date_gmt":"2024-01-10T09:04:28","guid":{"rendered":"http:\/\/localhost\/adnartLatest\/?post_type=product&#038;p=20048"},"modified":"2026-02-20T08:02:52","modified_gmt":"2026-02-20T06:02:52","slug":"asobu-alpine-flask-tmf6","status":"publish","type":"product","link":"https:\/\/dev.adnart.com\/fr\/produit\/asobu-alpine-flask-tmf6\/","title":{"rendered":"ASOBU gourde alpine-TMF6"},"content":{"rendered":"<p>La nouvelle gourde <strong>ASOBU Alpine -TMF6<\/strong> 18oz est tout aussi excellente que l&#8217;originale, mais avec quelques am\u00e9liorations fantastiques. Elle est d\u00e9sormais \u00e9quip\u00e9e d&#8217;une poign\u00e9e facile \u00e0 saisir, id\u00e9ale pour les activit\u00e9s de plein air. L&#8217;autre grande am\u00e9lioration est le bec verseur facile d&#8217;acc\u00e8s qui permet de boire ou de verser de l&#8217;eau sans avoir besoin d&#8217;enlever le couvercle. Appr\u00e9ciez la tradition de la gourde Alpine Flask d&#8217;ASOBU ainsi que les am\u00e9liorations qui la rendent encore meilleure !   <\/p>\n<p><strong>Ce produit est exempt de BPA et de plomb.<\/strong><\/p>\n","protected":false},"excerpt":{"rendered":"<p>Gobelet en acier inoxydable avec couvercle \u00e0 double fonction<\/p>\n","protected":false},"featured_media":30713,"comment_status":"open","ping_status":"closed","template":"","meta":{"inventory_464_copy":"<p>API to MS ACCESS<\/p>\n"},"product_brand":[],"product_cat":[1600,210,1893,1612,2618],"product_tag":[302,1717,298,220,1695,1614,1672,1694,215,229,213,226,299,304,2581],"product-themes":[],"special":[],"class_list":{"0":"post-20048","1":"product","2":"type-product","3":"status-publish","4":"has-post-thumbnail","6":"product_cat-acier-inoxydable","7":"product_cat-bouteilles","8":"product_cat-meilleures-ventes","9":"product_cat-tasses-et-gobelets-de-voyage","10":"product_cat-tous-les-produits","11":"product_tag-12-heures-chaudes","12":"product_tag-18-oz-fr","13":"product_tag-acier-inoxydable","14":"product_tag-acier-inoxydable-a-double-paroi-fr","15":"product_tag-base-antiderapante-fr","16":"product_tag-boissons","17":"product_tag-bouteille-deau","18":"product_tag-bouteille-de-sport","19":"product_tag-couvercle-etanche","20":"product_tag-finition-par-revetement-en-poudre-fr","21":"product_tag-pour-les-boissons-chaudes-ou-froides","22":"product_tag-revetement-en-cuivre-fr","23":"product_tag-sans-bpa","24":"product_tag-thermos-fr","25":"product_tag-vacuum-insulated-fr","26":"pa_color-basilic-vert","27":"pa_color-blanc","28":"pa_color-bleu-fr","29":"pa_color-noir","30":"pa_materials-acier-inoxydable","32":"first","33":"instock","34":"shipping-taxable","35":"purchasable","36":"product-type-variable"},"_links":{"self":[{"href":"https:\/\/dev.adnart.com\/fr\/wp-json\/wp\/v2\/product\/20048","targetHints":{"allow":["GET"]}}],"collection":[{"href":"https:\/\/dev.adnart.com\/fr\/wp-json\/wp\/v2\/product"}],"about":[{"href":"https:\/\/dev.adnart.com\/fr\/wp-json\/wp\/v2\/types\/product"}],"replies":[{"embeddable":true,"href":"https:\/\/dev.adnart.com\/fr\/wp-json\/wp\/v2\/comments?post=20048"}],"version-history":[{"count":8,"href":"https:\/\/dev.adnart.com\/fr\/wp-json\/wp\/v2\/product\/20048\/revisions"}],"predecessor-version":[{"id":33714,"href":"https:\/\/dev.adnart.com\/fr\/wp-json\/wp\/v2\/product\/20048\/revisions\/33714"}],"wp:featuredmedia":[{"embeddable":true,"href":"https:\/\/dev.adnart.com\/fr\/wp-json\/wp\/v2\/media\/30713"}],"wp:attachment":[{"href":"https:\/\/dev.adnart.com\/fr\/wp-json\/wp\/v2\/media?parent=20048"}],"wp:term":[{"taxonomy":"product_brand","embeddable":true,"href":"https:\/\/dev.adnart.com\/fr\/wp-json\/wp\/v2\/product_brand?post=20048"},{"taxonomy":"product_cat","embeddable":true,"href":"https:\/\/dev.adnart.com\/fr\/wp-json\/wp\/v2\/product_cat?post=20048"},{"taxonomy":"product_tag","embeddable":true,"href":"https:\/\/dev.adnart.com\/fr\/wp-json\/wp\/v2\/product_tag?post=20048"},{"taxonomy":"product-themes","embeddable":true,"href":"https:\/\/dev.adnart.com\/fr\/wp-json\/wp\/v2\/product-themes?post=20048"},{"taxonomy":"special","embeddable":true,"href":"https:\/\/dev.adnart.com\/fr\/wp-json\/wp\/v2\/special?post=20048"}],"curies":[{"name":"wp","href":"https:\/\/api.w.org\/{rel}","templated":true}]}}