{"id":20013,"date":"2024-01-10T08:25:16","date_gmt":"2024-01-10T08:25:16","guid":{"rendered":"http:\/\/localhost\/adnartLatest\/?post_type=product&#038;p=20013"},"modified":"2026-02-20T08:04:11","modified_gmt":"2026-02-20T06:04:11","slug":"asobu-canyon-tmf7","status":"publish","type":"product","link":"https:\/\/dev.adnart.com\/fr\/produit\/asobu-canyon-tmf7\/","title":{"rendered":"ASOBU Canyon &#8211; TMF7"},"content":{"rendered":"<p><span data-sheets-root=\"1\" data-sheets-value=\"{\"1\":2,\"2\":\"Even with its large 50oz capacity, the Canyon Bottle is easy to carry thanks to its full hand comfort-grip handle with soft-touch insert. And you don't have to turn it upside down to drink \u2014 it features a built-in pop-up straw! A silicone rubber non-slip base keeps the bottle from sliding (and from making a racket when you put it down). We've thought of every possible feature to make your life easier \u2014 and we've put it in this bottle!\"}\" data-sheets-userformat=\"{\"2\":14787,\"3\":{\"1\":1},\"4\":{\"1\":2,\"2\":16776960},\"9\":0,\"10\":0,\"11\":4,\"14\":{\"1\":2,\"2\":0},\"15\":\"Tahoma\",\"16\":8}\">M\u00eame avec sa grande capacit\u00e9 de 50 oz, le <strong>Canyon TMF7 d&#8217;ASOBU<\/strong> est facile \u00e0 transporter gr\u00e2ce \u00e0 sa poign\u00e9e confortable avec insert soft-touch. Pas besoin de le retourner pour boire &#8211; la paille int\u00e9gr\u00e9e permet de s&#8217;hydrater sans effort. De plus, une base antid\u00e9rapante en caoutchouc de silicone assure la stabilit\u00e9 de l&#8217;appareil, \u00e9vitant ainsi les glissades et les bruits lorsqu&#8217;il est pos\u00e9. Nous avons pens\u00e9 \u00e0 toutes les fonctions possibles pour vous faciliter la vie &#8211; et nous les avons toutes r\u00e9unies dans cette bouteille !   <\/span><\/p>\n<p><strong>Ce produit est exempt de BPA et de plomb.<\/strong><\/p>\n<article class=\"w-full text-token-text-primary focus-visible:outline-2 focus-visible:outline-offset-[-4px]\" dir=\"auto\" data-testid=\"conversation-turn-8\" data-scroll-anchor=\"false\">\n<div class=\"m-auto text-base py-[18px] px-3 md:px-4 w-full md:px-5 lg:px-4 xl:px-5\">\n<div class=\"mx-auto flex flex-1 gap-4 text-base md:gap-5 lg:gap-6 md:max-w-3xl\">\n<div class=\"group\/conversation-turn relative flex w-full min-w-0 flex-col\">\n<div class=\"flex-col gap-1 md:gap-3\">\n<div class=\"flex max-w-full flex-col flex-grow\">\n<div class=\"min-h-8 text-message flex w-full flex-col items-end gap-2 whitespace-normal break-words text-start [.text-message+&amp;]:mt-5\" dir=\"auto\" data-message-author-role=\"user\" data-message-id=\"020461be-8e89-4f79-b2fc-699e30e1d3e4\">\n<div class=\"flex w-full flex-col gap-1 empty:hidden items-end rtl:items-start\">\n<div class=\"relative max-w-[var(--user-chat-width,70%)] rounded-3xl bg-token-message-surface px-5 py-2.5\"><\/div>\n<\/div>\n<\/div>\n<\/div>\n<\/div>\n<\/div>\n<\/div>\n<\/div>\n<\/article>\n<article class=\"w-full text-token-text-primary focus-visible:outline-2 focus-visible:outline-offset-[-4px]\" dir=\"auto\" data-testid=\"conversation-turn-9\" data-scroll-anchor=\"true\">\n<div class=\"m-auto text-base py-[18px] px-3 md:px-4 w-full md:px-5 lg:px-4 xl:px-5\">\n<div class=\"mx-auto flex flex-1 gap-4 text-base md:gap-5 lg:gap-6 md:max-w-3xl\">\n<div class=\"group\/conversation-turn relative flex w-full min-w-0 flex-col agent-turn\">\n<div class=\"flex-col gap-1 md:gap-3\">\n<div class=\"flex max-w-full flex-col flex-grow\">\n<div class=\"min-h-8 text-message flex w-full flex-col items-end gap-2 whitespace-normal break-words text-start [.text-message+&amp;]:mt-5\" dir=\"auto\" data-message-author-role=\"assistant\" data-message-id=\"476fda4b-1cc9-43b2-8e41-0a25dd793799\" data-message-model-slug=\"gpt-4o-mini\">\n<div class=\"flex w-full flex-col gap-1 empty:hidden first:pt-[3px]\">\n<div class=\"markdown prose w-full break-words dark:prose-invert light\">\n<p>&nbsp;<\/p>\n<\/div>\n<\/div>\n<\/div>\n<\/div>\n<\/div>\n<\/div>\n<\/div>\n<\/div>\n<\/article>\n","protected":false},"excerpt":{"rendered":"<p>Gobelet en acier inoxydable avec couvercle \u00e0 double fonction<\/p>\n","protected":false},"featured_media":29688,"comment_status":"open","ping_status":"closed","template":"","meta":{"inventory_464_copy":"<p>API to MS ACCESS<\/p>\n"},"product_brand":[],"product_cat":[1600,210,276,2383,1893,2380,2618],"product_tag":[302,1699,298,220,1695,1614,1672,1694,215,229,1702,213,226,299,304,2581],"product-themes":[],"special":[],"class_list":{"0":"post-20013","1":"product","2":"type-product","3":"status-publish","4":"has-post-thumbnail","6":"product_cat-acier-inoxydable","7":"product_cat-bouteilles","8":"product_cat-gobelets","9":"product_cat-inventaire-approfondi","10":"product_cat-meilleures-ventes","11":"product_cat-nouvel-arrivage","12":"product_cat-tous-les-produits","13":"product_tag-12-heures-chaudes","14":"product_tag-40-oz-fr","15":"product_tag-acier-inoxydable","16":"product_tag-acier-inoxydable-a-double-paroi-fr","17":"product_tag-base-antiderapante-fr","18":"product_tag-boissons","19":"product_tag-bouteille-deau","20":"product_tag-bouteille-de-sport","21":"product_tag-couvercle-etanche","22":"product_tag-finition-par-revetement-en-poudre-fr","23":"product_tag-paille-pop-up","24":"product_tag-pour-les-boissons-chaudes-ou-froides","25":"product_tag-revetement-en-cuivre-fr","26":"product_tag-sans-bpa","27":"product_tag-thermos-fr","28":"product_tag-vacuum-insulated-fr","29":"pa_color-blanc","30":"pa_color-noir","31":"pa_color-rose","32":"pa_materials-acier-inoxydable","34":"first","35":"instock","36":"shipping-taxable","37":"purchasable","38":"product-type-variable"},"_links":{"self":[{"href":"https:\/\/dev.adnart.com\/fr\/wp-json\/wp\/v2\/product\/20013","targetHints":{"allow":["GET"]}}],"collection":[{"href":"https:\/\/dev.adnart.com\/fr\/wp-json\/wp\/v2\/product"}],"about":[{"href":"https:\/\/dev.adnart.com\/fr\/wp-json\/wp\/v2\/types\/product"}],"replies":[{"embeddable":true,"href":"https:\/\/dev.adnart.com\/fr\/wp-json\/wp\/v2\/comments?post=20013"}],"version-history":[{"count":8,"href":"https:\/\/dev.adnart.com\/fr\/wp-json\/wp\/v2\/product\/20013\/revisions"}],"predecessor-version":[{"id":34077,"href":"https:\/\/dev.adnart.com\/fr\/wp-json\/wp\/v2\/product\/20013\/revisions\/34077"}],"wp:featuredmedia":[{"embeddable":true,"href":"https:\/\/dev.adnart.com\/fr\/wp-json\/wp\/v2\/media\/29688"}],"wp:attachment":[{"href":"https:\/\/dev.adnart.com\/fr\/wp-json\/wp\/v2\/media?parent=20013"}],"wp:term":[{"taxonomy":"product_brand","embeddable":true,"href":"https:\/\/dev.adnart.com\/fr\/wp-json\/wp\/v2\/product_brand?post=20013"},{"taxonomy":"product_cat","embeddable":true,"href":"https:\/\/dev.adnart.com\/fr\/wp-json\/wp\/v2\/product_cat?post=20013"},{"taxonomy":"product_tag","embeddable":true,"href":"https:\/\/dev.adnart.com\/fr\/wp-json\/wp\/v2\/product_tag?post=20013"},{"taxonomy":"product-themes","embeddable":true,"href":"https:\/\/dev.adnart.com\/fr\/wp-json\/wp\/v2\/product-themes?post=20013"},{"taxonomy":"special","embeddable":true,"href":"https:\/\/dev.adnart.com\/fr\/wp-json\/wp\/v2\/special?post=20013"}],"curies":[{"name":"wp","href":"https:\/\/api.w.org\/{rel}","templated":true}]}}