{"id":19984,"date":"2024-01-09T21:06:03","date_gmt":"2024-01-09T19:06:03","guid":{"rendered":"http:\/\/localhost\/adnartLatest\/?post_type=product&#038;p=19984"},"modified":"2025-07-04T15:52:56","modified_gmt":"2025-07-04T13:52:56","slug":"10-oz-glass-coffee-mug-screen-printed-dc301","status":"publish","type":"product","link":"https:\/\/dev.adnart.com\/fr\/produit\/10-oz-glass-coffee-mug-screen-printed-dc301\/","title":{"rendered":"Glass Coffee Mug &#8211; DC301"},"content":{"rendered":"<p><span data-sheets-root=\"1\" data-sheets-value=\"{\" data-sheets-userformat=\"{\">Un large \u00e9ventail de tasses \u00e0 caf\u00e9 et \u00e0 th\u00e9 de qualit\u00e9 et r\u00e9sistantes \u00e0 la chaleur vous est propos\u00e9. Des tasses en verre sp\u00e9cialis\u00e9es pour le caf\u00e9 irlandais et les th\u00e9s infus\u00e9s aux grands bols de 16 oz, parfaits pour les caf\u00e9s ou th\u00e9s riches et matures ! Nous offrons \u00e9galement des mugs en verre adapt\u00e9s aux occasions formelles ainsi qu&#8217;aux repas ou \u00e9v\u00e9nements d\u00e9contract\u00e9s. mugs de capacit\u00e9, pour ces caf\u00e9s ou th\u00e9s riches et vieillis ! Nous avons des mugs en verre qui sont sp\u00e9cifiques pour les \u00e9v\u00e9nements formels et les repas ou \u00e9v\u00e9nements d\u00e9contract\u00e9s.<\/span><\/p>\n","protected":false},"excerpt":{"rendered":"<p>Gobelet en acier inoxydable avec couvercle \u00e0 double fonction<\/p>\n","protected":false},"featured_media":19986,"comment_status":"open","ping_status":"closed","template":"","meta":{"inventory_464_copy":"<p>API to MS ACCESS<\/p>\n"},"product_brand":[],"product_cat":[277,1594],"product_tag":[1620,1624,1614,329,1615,1608,1601,369,1597,1606,2590],"product-themes":[],"special":[],"class_list":{"0":"post-19984","1":"product","2":"type-product","3":"status-publish","4":"has-post-thumbnail","6":"product_cat-mugs-fr","7":"product_cat-verrerie","8":"product_tag-10-oz-fr","9":"product_tag-296-ml-fr","10":"product_tag-boissons","11":"product_tag-bouche-large","12":"product_tag-cylindrique","13":"product_tag-poignee-doreille","14":"product_tag-porte-boissons","15":"product_tag-tasse-a-cafe","16":"product_tag-transparent-fr","17":"product_tag-verre","18":"product_tag-verrerie-fr","19":"pa_color-clair","20":"pa_materials-verre","22":"first","23":"instock","24":"shipping-taxable","25":"purchasable","26":"product-type-simple"},"_links":{"self":[{"href":"https:\/\/dev.adnart.com\/fr\/wp-json\/wp\/v2\/product\/19984","targetHints":{"allow":["GET"]}}],"collection":[{"href":"https:\/\/dev.adnart.com\/fr\/wp-json\/wp\/v2\/product"}],"about":[{"href":"https:\/\/dev.adnart.com\/fr\/wp-json\/wp\/v2\/types\/product"}],"replies":[{"embeddable":true,"href":"https:\/\/dev.adnart.com\/fr\/wp-json\/wp\/v2\/comments?post=19984"}],"version-history":[{"count":5,"href":"https:\/\/dev.adnart.com\/fr\/wp-json\/wp\/v2\/product\/19984\/revisions"}],"predecessor-version":[{"id":31733,"href":"https:\/\/dev.adnart.com\/fr\/wp-json\/wp\/v2\/product\/19984\/revisions\/31733"}],"wp:featuredmedia":[{"embeddable":true,"href":"https:\/\/dev.adnart.com\/fr\/wp-json\/wp\/v2\/media\/19986"}],"wp:attachment":[{"href":"https:\/\/dev.adnart.com\/fr\/wp-json\/wp\/v2\/media?parent=19984"}],"wp:term":[{"taxonomy":"product_brand","embeddable":true,"href":"https:\/\/dev.adnart.com\/fr\/wp-json\/wp\/v2\/product_brand?post=19984"},{"taxonomy":"product_cat","embeddable":true,"href":"https:\/\/dev.adnart.com\/fr\/wp-json\/wp\/v2\/product_cat?post=19984"},{"taxonomy":"product_tag","embeddable":true,"href":"https:\/\/dev.adnart.com\/fr\/wp-json\/wp\/v2\/product_tag?post=19984"},{"taxonomy":"product-themes","embeddable":true,"href":"https:\/\/dev.adnart.com\/fr\/wp-json\/wp\/v2\/product-themes?post=19984"},{"taxonomy":"special","embeddable":true,"href":"https:\/\/dev.adnart.com\/fr\/wp-json\/wp\/v2\/special?post=19984"}],"curies":[{"name":"wp","href":"https:\/\/api.w.org\/{rel}","templated":true}]}}