{"id":19972,"date":"2024-01-09T20:37:44","date_gmt":"2024-01-09T20:37:44","guid":{"rendered":"http:\/\/localhost\/adnartLatest\/?post_type=product&#038;p=19972"},"modified":"2026-02-20T08:10:05","modified_gmt":"2026-02-20T06:10:05","slug":"13-oz-glass-coffee-mug-screen-printed-dc129","status":"publish","type":"product","link":"https:\/\/dev.adnart.com\/fr\/produit\/13-oz-glass-coffee-mug-screen-printed-dc129\/","title":{"rendered":"Tasse \u00e0 caf\u00e9 en verre &#8211; DC129"},"content":{"rendered":"<p><span data-sheets-root=\"1\" data-sheets-value=\"{\"1\":2,\"2\":\"A wide range of heat resistant quality coffee and tea mugs ...from specialty glass mugs for Irish coffee and steeped teas, to large bowl 16 Oz. capacity mugs, for those richly brewed and aged fine coffee's or teas! We have glass mugs that are specific for formal events and casual dining or events also.\"}\" data-sheets-userformat=\"{\"2\":14787,\"3\":{\"1\":1},\"4\":{\"1\":2,\"2\":16776960},\"9\":0,\"10\":0,\"11\":4,\"14\":{\"1\":2,\"2\":0},\"15\":\"Tahoma\",\"16\":8}\">Un large \u00e9ventail de tasses \u00e0 caf\u00e9 et \u00e0 th\u00e9 de qualit\u00e9 et r\u00e9sistantes \u00e0 la chaleur vous est propos\u00e9. Des tasses en verre sp\u00e9cialis\u00e9es pour le caf\u00e9 irlandais et les th\u00e9s infus\u00e9s aux grands bols de 16 oz, parfaits pour les caf\u00e9s ou th\u00e9s riches et matures ! Nous offrons \u00e9galement des mugs en verre adapt\u00e9s aux occasions formelles ainsi qu&#8217;aux repas ou \u00e9v\u00e9nements d\u00e9contract\u00e9s. mugs de capacit\u00e9, pour ces caf\u00e9s ou th\u00e9s riches et vieillis ! Nous avons des mugs en verre qui sont sp\u00e9cifiques pour les \u00e9v\u00e9nements formels et les repas ou \u00e9v\u00e9nements d\u00e9contract\u00e9s.<\/span><\/p>\n<p><strong>Ce produit est exempt de BPA et de plomb.<\/strong><\/p>\n","protected":false},"excerpt":{"rendered":"<p>Gobelet en acier inoxydable avec couvercle \u00e0 double fonction<\/p>\n","protected":false},"featured_media":19974,"comment_status":"open","ping_status":"closed","template":"","meta":{"inventory_464_copy":"<p>API to MS ACCESS<\/p>\n"},"product_brand":[],"product_cat":[1893,277,2618,1594],"product_tag":[347,1757,1614,329,1655,1615,2575,1758,369,1597,1606],"product-themes":[],"special":[],"class_list":{"0":"post-19972","1":"product","2":"type-product","3":"status-publish","4":"has-post-thumbnail","6":"product_cat-meilleures-ventes","7":"product_cat-mugs-fr","8":"product_cat-tous-les-produits","9":"product_cat-verrerie","10":"product_tag-13-oz-fr","11":"product_tag-384-ml-fr","12":"product_tag-boissons","13":"product_tag-bouche-large","14":"product_tag-c-poignee","15":"product_tag-cylindrique","16":"product_tag-glassware-fr","17":"product_tag-porte-boissons-chauds","18":"product_tag-tasse-a-cafe","19":"product_tag-transparent-fr","20":"product_tag-verre","21":"pa_color-clair","22":"pa_materials-verre","24":"first","25":"instock","26":"shipping-taxable","27":"purchasable","28":"product-type-simple"},"_links":{"self":[{"href":"https:\/\/dev.adnart.com\/fr\/wp-json\/wp\/v2\/product\/19972","targetHints":{"allow":["GET"]}}],"collection":[{"href":"https:\/\/dev.adnart.com\/fr\/wp-json\/wp\/v2\/product"}],"about":[{"href":"https:\/\/dev.adnart.com\/fr\/wp-json\/wp\/v2\/types\/product"}],"replies":[{"embeddable":true,"href":"https:\/\/dev.adnart.com\/fr\/wp-json\/wp\/v2\/comments?post=19972"}],"version-history":[{"count":6,"href":"https:\/\/dev.adnart.com\/fr\/wp-json\/wp\/v2\/product\/19972\/revisions"}],"predecessor-version":[{"id":34082,"href":"https:\/\/dev.adnart.com\/fr\/wp-json\/wp\/v2\/product\/19972\/revisions\/34082"}],"wp:featuredmedia":[{"embeddable":true,"href":"https:\/\/dev.adnart.com\/fr\/wp-json\/wp\/v2\/media\/19974"}],"wp:attachment":[{"href":"https:\/\/dev.adnart.com\/fr\/wp-json\/wp\/v2\/media?parent=19972"}],"wp:term":[{"taxonomy":"product_brand","embeddable":true,"href":"https:\/\/dev.adnart.com\/fr\/wp-json\/wp\/v2\/product_brand?post=19972"},{"taxonomy":"product_cat","embeddable":true,"href":"https:\/\/dev.adnart.com\/fr\/wp-json\/wp\/v2\/product_cat?post=19972"},{"taxonomy":"product_tag","embeddable":true,"href":"https:\/\/dev.adnart.com\/fr\/wp-json\/wp\/v2\/product_tag?post=19972"},{"taxonomy":"product-themes","embeddable":true,"href":"https:\/\/dev.adnart.com\/fr\/wp-json\/wp\/v2\/product-themes?post=19972"},{"taxonomy":"special","embeddable":true,"href":"https:\/\/dev.adnart.com\/fr\/wp-json\/wp\/v2\/special?post=19972"}],"curies":[{"name":"wp","href":"https:\/\/api.w.org\/{rel}","templated":true}]}}