{"id":19905,"date":"2024-01-09T19:15:55","date_gmt":"2024-01-09T19:15:55","guid":{"rendered":"http:\/\/localhost\/adnartLatest\/?post_type=product&#038;p=19905"},"modified":"2026-02-20T08:10:46","modified_gmt":"2026-02-20T06:10:46","slug":"asobu-campfire-mug-cfm12","status":"publish","type":"product","link":"https:\/\/dev.adnart.com\/fr\/produit\/asobu-campfire-mug-cfm12\/","title":{"rendered":"Mug ASOBU pour le feu de camp &#8211; CFM12"},"content":{"rendered":"<p><span data-sheets-root=\"1\" data-sheets-value=\"{\"1\":2,\"2\":\"The Asobu\u00ae Campfire Cup is the ideal cup for camping, hiking and mountaineering. It comes with the unique feature of a built in, heavy duty carabiner clip that can easily attach to the your back pack whether you are off to work or school, etc. Made of double wall stainless steel. The practical carabiner clip will easily attach to tool belts, camping gear, and backpacks for easy access.\"}\" data-sheets-userformat=\"{\"2\":14787,\"3\":{\"1\":1},\"4\":{\"1\":2,\"2\":16776960},\"9\":0,\"10\":0,\"11\":4,\"14\":{\"1\":2,\"2\":0},\"15\":\"Tahoma\",\"16\":8}\">Le gobelet ASOBU Campfire Cup est le gobelet id\u00e9al pour le camping, la randonn\u00e9e et l&#8217;alpinisme. Il est dot\u00e9 d&#8217;une caract\u00e9ristique unique : un mousqueton robuste int\u00e9gr\u00e9 qui peut \u00eatre facilement attach\u00e9 \u00e0 votre sac \u00e0 dos, que vous partiez au travail ou \u00e0 l&#8217;\u00e9cole, etc. Fabriqu\u00e9 en acier inoxydable \u00e0 double paroi. Le clip mousqueton pratique s&#8217;attache facilement aux ceintures \u00e0 outils, au mat\u00e9riel de camping et aux sacs \u00e0 dos pour un acc\u00e8s facile.   <\/span><\/p>\n<p><strong>Ce produit est exempt de BPA et de plomb.<\/strong><\/p>\n","protected":false},"excerpt":{"rendered":"<p>Gobelet en acier inoxydable avec couvercle \u00e0 double fonction<\/p>\n","protected":false},"featured_media":30260,"comment_status":"open","ping_status":"closed","template":"","meta":{"inventory_464_copy":"<p>API to MS ACCESS<\/p>\n"},"product_brand":[],"product_cat":[1600,1893,277,2618],"product_tag":[1714,1710,1715,1728,426,1720,1688,297,1726,1718,1724,1722,1712,1626,1618],"product-themes":[],"special":[],"class_list":{"0":"post-19905","1":"product","2":"type-product","3":"status-publish","4":"has-post-thumbnail","6":"product_cat-acier-inoxydable","7":"product_cat-meilleures-ventes","8":"product_cat-mugs-fr","9":"product_cat-tous-les-produits","10":"product_tag-100-sans-bpa","11":"product_tag-360-ml-fr","12":"product_tag-acier-inoxydable-revetement-emaille","13":"product_tag-aventure","14":"product_tag-cafe","15":"product_tag-campeur","16":"product_tag-camping-fr","17":"product_tag-double-paroi-fr","18":"product_tag-escalade","19":"product_tag-mouchete","20":"product_tag-navigation-de-plaisance","21":"product_tag-peche","22":"product_tag-poignee-mousqueton","23":"product_tag-randonnee","24":"product_tag-voyage","25":"pa_color-blanc","26":"pa_color-bleu-fr","27":"pa_color-noir","28":"pa_color-rouge-2","29":"pa_color-vert","30":"pa_materials-acier-inoxydable","32":"first","33":"instock","34":"shipping-taxable","35":"purchasable","36":"product-type-variable"},"_links":{"self":[{"href":"https:\/\/dev.adnart.com\/fr\/wp-json\/wp\/v2\/product\/19905","targetHints":{"allow":["GET"]}}],"collection":[{"href":"https:\/\/dev.adnart.com\/fr\/wp-json\/wp\/v2\/product"}],"about":[{"href":"https:\/\/dev.adnart.com\/fr\/wp-json\/wp\/v2\/types\/product"}],"replies":[{"embeddable":true,"href":"https:\/\/dev.adnart.com\/fr\/wp-json\/wp\/v2\/comments?post=19905"}],"version-history":[{"count":10,"href":"https:\/\/dev.adnart.com\/fr\/wp-json\/wp\/v2\/product\/19905\/revisions"}],"predecessor-version":[{"id":34084,"href":"https:\/\/dev.adnart.com\/fr\/wp-json\/wp\/v2\/product\/19905\/revisions\/34084"}],"wp:featuredmedia":[{"embeddable":true,"href":"https:\/\/dev.adnart.com\/fr\/wp-json\/wp\/v2\/media\/30260"}],"wp:attachment":[{"href":"https:\/\/dev.adnart.com\/fr\/wp-json\/wp\/v2\/media?parent=19905"}],"wp:term":[{"taxonomy":"product_brand","embeddable":true,"href":"https:\/\/dev.adnart.com\/fr\/wp-json\/wp\/v2\/product_brand?post=19905"},{"taxonomy":"product_cat","embeddable":true,"href":"https:\/\/dev.adnart.com\/fr\/wp-json\/wp\/v2\/product_cat?post=19905"},{"taxonomy":"product_tag","embeddable":true,"href":"https:\/\/dev.adnart.com\/fr\/wp-json\/wp\/v2\/product_tag?post=19905"},{"taxonomy":"product-themes","embeddable":true,"href":"https:\/\/dev.adnart.com\/fr\/wp-json\/wp\/v2\/product-themes?post=19905"},{"taxonomy":"special","embeddable":true,"href":"https:\/\/dev.adnart.com\/fr\/wp-json\/wp\/v2\/special?post=19905"}],"curies":[{"name":"wp","href":"https:\/\/api.w.org\/{rel}","templated":true}]}}