{"id":19865,"date":"2024-01-09T19:01:51","date_gmt":"2024-01-09T19:01:51","guid":{"rendered":"http:\/\/localhost\/adnartLatest\/?post_type=product&#038;p=19865"},"modified":"2026-02-20T08:12:01","modified_gmt":"2026-02-20T06:12:01","slug":"happy-camper-mug-cfm15","status":"publish","type":"product","link":"https:\/\/dev.adnart.com\/fr\/produit\/happy-camper-mug-cfm15\/","title":{"rendered":"Happy Camper Mug &#8211; CFM15"},"content":{"rendered":"<p><span data-sheets-root=\"1\" data-sheets-value=\"{\"1\":2,\"2\":\"Cottage style enamel mug. Stainless steel single wall construction with baked enamel coating in a Stoneware look. Lightweight, large capacity mug with rounded handle. Perfect for camping and outdoor activities. Enjoy the country ambiance while drinking your tea or coffee!\"}\" data-sheets-userformat=\"{\"2\":14787,\"3\":{\"1\":1},\"4\":{\"1\":2,\"2\":16776960},\"9\":0,\"10\":0,\"11\":4,\"14\":{\"1\":2,\"2\":0},\"15\":\"Tahoma\",\"16\":8}\">Tasse en \u00e9mail de style cottage. Construite en acier inoxydable \u00e0 paroi simple avec un rev\u00eatement en \u00e9mail cuit \u00e0 l&#8217;aspect gr\u00e8s, cette tasse l\u00e9g\u00e8re offre une grande contenance et est munie d&#8217;une poign\u00e9e arrondie. Id\u00e9ale pour le camping et les activit\u00e9s de plein air, cette tasse vous permet de savourer votre th\u00e9 ou votre caf\u00e9 dans une ambiance champ\u00eatre. Construction en acier inoxydable \u00e0 simple paroi avec rev\u00eatement en \u00e9mail cuit \u00e0 l&#8217;aspect gr\u00e8s. Mug l\u00e9ger de grande capacit\u00e9 avec poign\u00e9e arrondie. Parfait pour le camping et les activit\u00e9s de plein air. Profitez de l&#8217;ambiance champ\u00eatre en buvant votre th\u00e9 ou votre caf\u00e9 !<\/span><\/p>\n<p><strong>Ce produit est exempt de BPA et de plomb.<\/strong><\/p>\n","protected":false},"excerpt":{"rendered":"<p>Gobelet en acier inoxydable avec couvercle \u00e0 double fonction<\/p>\n","protected":false},"featured_media":30258,"comment_status":"open","ping_status":"closed","template":"","meta":{"inventory_464_copy":"<p>API to MS ACCESS<\/p>\n"},"product_brand":[],"product_cat":[1893,277,2618],"product_tag":[1680,298,329,1655,1681,2569,1685,1683,1682,334,299,369],"product-themes":[],"special":[],"class_list":{"0":"post-19865","1":"product","2":"type-product","3":"status-publish","4":"has-post-thumbnail","6":"product_cat-meilleures-ventes","7":"product_cat-mugs-fr","8":"product_cat-tous-les-produits","9":"product_tag-480-ml-fr","10":"product_tag-acier-inoxydable","11":"product_tag-bouche-large","12":"product_tag-c-poignee","13":"product_tag-classique","14":"product_tag-double-wall-fr","15":"product_tag-leger","16":"product_tag-nettoyage-facile","17":"product_tag-revetement-en-email-cuit","18":"product_tag-rond","19":"product_tag-sans-bpa","20":"product_tag-tasse-a-cafe","21":"pa_color-blanc","22":"pa_color-bleu-fr","23":"pa_color-noir","24":"pa_color-rouge-2","25":"pa_color-vert","26":"pa_materials-ceramique","28":"first","29":"instock","30":"shipping-taxable","31":"purchasable","32":"product-type-variable"},"_links":{"self":[{"href":"https:\/\/dev.adnart.com\/fr\/wp-json\/wp\/v2\/product\/19865","targetHints":{"allow":["GET"]}}],"collection":[{"href":"https:\/\/dev.adnart.com\/fr\/wp-json\/wp\/v2\/product"}],"about":[{"href":"https:\/\/dev.adnart.com\/fr\/wp-json\/wp\/v2\/types\/product"}],"replies":[{"embeddable":true,"href":"https:\/\/dev.adnart.com\/fr\/wp-json\/wp\/v2\/comments?post=19865"}],"version-history":[{"count":10,"href":"https:\/\/dev.adnart.com\/fr\/wp-json\/wp\/v2\/product\/19865\/revisions"}],"predecessor-version":[{"id":34087,"href":"https:\/\/dev.adnart.com\/fr\/wp-json\/wp\/v2\/product\/19865\/revisions\/34087"}],"wp:featuredmedia":[{"embeddable":true,"href":"https:\/\/dev.adnart.com\/fr\/wp-json\/wp\/v2\/media\/30258"}],"wp:attachment":[{"href":"https:\/\/dev.adnart.com\/fr\/wp-json\/wp\/v2\/media?parent=19865"}],"wp:term":[{"taxonomy":"product_brand","embeddable":true,"href":"https:\/\/dev.adnart.com\/fr\/wp-json\/wp\/v2\/product_brand?post=19865"},{"taxonomy":"product_cat","embeddable":true,"href":"https:\/\/dev.adnart.com\/fr\/wp-json\/wp\/v2\/product_cat?post=19865"},{"taxonomy":"product_tag","embeddable":true,"href":"https:\/\/dev.adnart.com\/fr\/wp-json\/wp\/v2\/product_tag?post=19865"},{"taxonomy":"product-themes","embeddable":true,"href":"https:\/\/dev.adnart.com\/fr\/wp-json\/wp\/v2\/product-themes?post=19865"},{"taxonomy":"special","embeddable":true,"href":"https:\/\/dev.adnart.com\/fr\/wp-json\/wp\/v2\/special?post=19865"}],"curies":[{"name":"wp","href":"https:\/\/api.w.org\/{rel}","templated":true}]}}