{"id":19838,"date":"2024-01-09T17:54:12","date_gmt":"2024-01-09T17:54:12","guid":{"rendered":"http:\/\/localhost\/adnartLatest\/?post_type=product&#038;p=19838"},"modified":"2026-02-20T08:13:40","modified_gmt":"2026-02-20T06:13:40","slug":"asobu-dog-bowl-bottle-lite-twb20","status":"publish","type":"product","link":"https:\/\/dev.adnart.com\/fr\/produit\/asobu-dog-bowl-bottle-lite-twb20\/","title":{"rendered":"ASOBU Gamelle pour chien Bottle Lite &#8211; TWB20"},"content":{"rendered":"<p><span data-sheets-root=\"1\" data-sheets-value=\"{\"1\":2,\"2\":\"The Asobu\u00ae Dog Water Bowl Lite is made of lightweight, heavy duty, shock and scratch resistant, 100% BPA free, Tritan\u2122\u2122 material. The easy grip handle makes it convenient to carry even on long walks with your dog. It is equipped with a detachable silicone bowl which discreetly slides off the base of the bottle when it is time to re-hydrate your dog. The anti-slip base makes it very easy for your pets to drink from it, and the large capacity ensures your dog is sufficiently hydrated.\"}\" data-sheets-userformat=\"{\"2\":14785,\"3\":{\"1\":1},\"9\":0,\"10\":0,\"11\":4,\"14\":{\"1\":2,\"2\":0},\"15\":\"Tahoma\",\"16\":8}\">La gamelle d&#8217;eau pour chien Lite d&#8217;ASOBU est fabriqu\u00e9e dans un mat\u00e9riau Tritan\u2122 l\u00e9ger mais robuste, r\u00e9sistant aux chocs et aux rayures. La poign\u00e9e facile \u00e0 saisir permet de le transporter facilement, m\u00eame lors de longues promenades avec votre chien. Il est \u00e9quip\u00e9 d&#8217;un bol en silicone d\u00e9tachable qui se glisse discr\u00e8tement \u00e0 la base du flacon lorsqu&#8217;il est temps de r\u00e9hydrater votre chien. La base antid\u00e9rapante permet \u00e0 vos animaux de compagnie de s&#8217;abreuver tr\u00e8s facilement, et la grande capacit\u00e9 permet \u00e0 votre chien de s&#8217;hydrater suffisamment.<\/span><\/p>\n<p><strong>Ce produit est exempt de BPA et de plomb.<\/strong><\/p>\n","protected":false},"excerpt":{"rendered":"<p>Gobelet en acier inoxydable avec couvercle \u00e0 double fonction<\/p>\n","protected":false},"featured_media":30239,"comment_status":"open","ping_status":"closed","template":"","meta":{"inventory_464_copy":"<p>API to MS ACCESS<\/p>\n"},"product_brand":[],"product_cat":[1613,1617,210,2383,1893,2618],"product_tag":[1638,1629,295,1637,1635,1634,1636,1632,1626,1639,1621,1618],"product-themes":[],"special":[],"class_list":{"0":"post-19838","1":"product","2":"type-product","3":"status-publish","4":"has-post-thumbnail","6":"product_cat-tritan-verre","7":"product_cat-animaux-de-compagnie","8":"product_cat-bouteilles","9":"product_cat-inventaire-approfondi","10":"product_cat-meilleures-ventes","11":"product_cat-tous-les-produits","12":"product_tag-15-litre","13":"product_tag-50-oz-fr","14":"product_tag-a-lepreuve-des-deversements","15":"product_tag-animaux-de-compagnie-fr","16":"product_tag-animaux-de-compagnie","17":"product_tag-base-antiderapante","18":"product_tag-chien","19":"product_tag-gamelle-amovible-pour-chien","20":"product_tag-randonnee","21":"product_tag-retrocession","22":"product_tag-vente-au-detail","23":"product_tag-voyage","24":"pa_color-blanc","25":"pa_color-bleu-fr","26":"pa_color-bourgogne","27":"pa_color-noir","28":"pa_color-rose","29":"pa_materials-tritan-fr","31":"first","32":"instock","33":"shipping-taxable","34":"purchasable","35":"product-type-variable"},"_links":{"self":[{"href":"https:\/\/dev.adnart.com\/fr\/wp-json\/wp\/v2\/product\/19838","targetHints":{"allow":["GET"]}}],"collection":[{"href":"https:\/\/dev.adnart.com\/fr\/wp-json\/wp\/v2\/product"}],"about":[{"href":"https:\/\/dev.adnart.com\/fr\/wp-json\/wp\/v2\/types\/product"}],"replies":[{"embeddable":true,"href":"https:\/\/dev.adnart.com\/fr\/wp-json\/wp\/v2\/comments?post=19838"}],"version-history":[{"count":8,"href":"https:\/\/dev.adnart.com\/fr\/wp-json\/wp\/v2\/product\/19838\/revisions"}],"predecessor-version":[{"id":33711,"href":"https:\/\/dev.adnart.com\/fr\/wp-json\/wp\/v2\/product\/19838\/revisions\/33711"}],"wp:featuredmedia":[{"embeddable":true,"href":"https:\/\/dev.adnart.com\/fr\/wp-json\/wp\/v2\/media\/30239"}],"wp:attachment":[{"href":"https:\/\/dev.adnart.com\/fr\/wp-json\/wp\/v2\/media?parent=19838"}],"wp:term":[{"taxonomy":"product_brand","embeddable":true,"href":"https:\/\/dev.adnart.com\/fr\/wp-json\/wp\/v2\/product_brand?post=19838"},{"taxonomy":"product_cat","embeddable":true,"href":"https:\/\/dev.adnart.com\/fr\/wp-json\/wp\/v2\/product_cat?post=19838"},{"taxonomy":"product_tag","embeddable":true,"href":"https:\/\/dev.adnart.com\/fr\/wp-json\/wp\/v2\/product_tag?post=19838"},{"taxonomy":"product-themes","embeddable":true,"href":"https:\/\/dev.adnart.com\/fr\/wp-json\/wp\/v2\/product-themes?post=19838"},{"taxonomy":"special","embeddable":true,"href":"https:\/\/dev.adnart.com\/fr\/wp-json\/wp\/v2\/special?post=19838"}],"curies":[{"name":"wp","href":"https:\/\/api.w.org\/{rel}","templated":true}]}}