{"id":19722,"date":"2024-01-09T12:02:19","date_gmt":"2024-01-09T12:02:19","guid":{"rendered":"http:\/\/localhost\/adnartLatest\/?post_type=product&#038;p=19722"},"modified":"2026-02-20T08:15:33","modified_gmt":"2026-02-20T06:15:33","slug":"asobu-wireless-beat-bottle","status":"publish","type":"product","link":"https:\/\/dev.adnart.com\/fr\/produit\/asobu-wireless-beat-bottle\/","title":{"rendered":"Bouteille sans fil ASOBU &#8211; BT60"},"content":{"rendered":"<p>Profitez de votre musique pr\u00e9f\u00e9r\u00e9e pendant que vous pratiquez des activit\u00e9s de plein air. Plus besoin d&#8217;une grosse &#8220;boom box&#8221; ou de haut-parleurs reli\u00e9s \u00e0 des cordons, la <strong>Beat Bottle<\/strong> sans fil est id\u00e9ale pour la plage, les pique-niques et le bord de la piscine, et peut m\u00eame \u00eatre votre compagnon musical au travail ou \u00e0 l&#8217;\u00e9tude. <span data-sheets-root=\"1\" data-sheets-value=\"{\"1\":2,\"2\":\"Enjoy your favorite music while you are enjoying outdoor activities. No need for a big \\\"boom box\\\" or loud speakers connected to cords, the wireless BEAT bottle is ideal for the beach, picnics and poolside and can even be your musical companion at work or study. Wireless up to 25 feet away.\"}\" data-sheets-userformat=\"{\"2\":14787,\"3\":{\"1\":1},\"4\":{\"1\":2,\"2\":16776960},\"9\":0,\"10\":0,\"11\":4,\"14\":{\"1\":2,\"2\":0},\"15\":\"Tahoma\",\"16\":8}\">Sans fil jusqu&#8217;\u00e0 une distance de 25 pieds.<\/span><\/p>\n<p><strong>Conception et performances exceptionnelles<\/strong><br \/>\nLa Beat Bottle est dot\u00e9e d&#8217;un corps \u00e0 double paroi, isol\u00e9 sous vide et doubl\u00e9 de cuivre, fabriqu\u00e9 en acier inoxydable 18\/8 durable. Contrairement aux mod\u00e8les traditionnels, le haut-parleur est judicieusement plac\u00e9 sur le dessus de la bouteille, ce qui am\u00e9liore la qualit\u00e9 du son et facilite l&#8217;acc\u00e8s aux commandes. Vous pouvez allumer ou \u00e9teindre l&#8217;appareil, changer de liste de lecture, sauter des pistes ou r\u00e9p\u00e9ter des chansons sans effort.<\/p>\n<p><strong>Commodit\u00e9 et durabilit\u00e9<\/strong><br \/>\nLe couplage de la fonction sans fil avec votre t\u00e9l\u00e9phone est simple et rapide, et la bouteille se recharge en une heure seulement, offrant ainsi des heures d&#8217;\u00e9coute. Le couvercle est \u00e9quip\u00e9 d&#8217;un haut-parleur \u00e9tanche IPX4, vous n&#8217;avez donc pas \u00e0 vous inqui\u00e9ter en cas d&#8217;\u00e9claboussures d&#8217;eau !<\/p>\n<p><strong>Ce produit est exempt de BPA et de plomb.<\/strong><\/p>\n","protected":false},"excerpt":{"rendered":"<p>Gobelet en acier inoxydable avec couvercle \u00e0 double fonction<\/p>\n","protected":false},"featured_media":29329,"comment_status":"open","ping_status":"closed","template":"","meta":{"inventory_464_copy":"<p>API to MS ACCESS<\/p>\n"},"product_brand":[],"product_cat":[1600,210,2383,1893,2618],"product_tag":[1651,1653,298,1649,1643,1642,297,2569,1656,1646,1661,1663,1644,2581],"product-themes":[],"special":[],"class_list":{"0":"post-19722","1":"product","2":"type-product","3":"status-publish","4":"has-post-thumbnail","6":"product_cat-acier-inoxydable","7":"product_cat-bouteilles","8":"product_cat-inventaire-approfondi","9":"product_cat-meilleures-ventes","10":"product_cat-tous-les-produits","11":"product_tag-17-oz-fr","12":"product_tag-500-ml-fr","13":"product_tag-acier-inoxydable","14":"product_tag-chargement-rapide","15":"product_tag-couvercle-a-large-ouverture","16":"product_tag-couvercle-facile-a-visser","17":"product_tag-double-paroi-fr","18":"product_tag-double-wall-fr","19":"product_tag-haut-parleur-bluetooth","20":"product_tag-haut-parleur-etanche","21":"product_tag-haut-parleur-portable","22":"product_tag-musique","23":"product_tag-sans-fil","24":"product_tag-vacuum-insulated-fr","25":"pa_color-blanc","26":"pa_color-sarcelle","27":"pa_materials-acier-inoxydable","29":"first","30":"instock","31":"shipping-taxable","32":"purchasable","33":"product-type-variable"},"_links":{"self":[{"href":"https:\/\/dev.adnart.com\/fr\/wp-json\/wp\/v2\/product\/19722","targetHints":{"allow":["GET"]}}],"collection":[{"href":"https:\/\/dev.adnart.com\/fr\/wp-json\/wp\/v2\/product"}],"about":[{"href":"https:\/\/dev.adnart.com\/fr\/wp-json\/wp\/v2\/types\/product"}],"replies":[{"embeddable":true,"href":"https:\/\/dev.adnart.com\/fr\/wp-json\/wp\/v2\/comments?post=19722"}],"version-history":[{"count":7,"href":"https:\/\/dev.adnart.com\/fr\/wp-json\/wp\/v2\/product\/19722\/revisions"}],"predecessor-version":[{"id":34090,"href":"https:\/\/dev.adnart.com\/fr\/wp-json\/wp\/v2\/product\/19722\/revisions\/34090"}],"wp:featuredmedia":[{"embeddable":true,"href":"https:\/\/dev.adnart.com\/fr\/wp-json\/wp\/v2\/media\/29329"}],"wp:attachment":[{"href":"https:\/\/dev.adnart.com\/fr\/wp-json\/wp\/v2\/media?parent=19722"}],"wp:term":[{"taxonomy":"product_brand","embeddable":true,"href":"https:\/\/dev.adnart.com\/fr\/wp-json\/wp\/v2\/product_brand?post=19722"},{"taxonomy":"product_cat","embeddable":true,"href":"https:\/\/dev.adnart.com\/fr\/wp-json\/wp\/v2\/product_cat?post=19722"},{"taxonomy":"product_tag","embeddable":true,"href":"https:\/\/dev.adnart.com\/fr\/wp-json\/wp\/v2\/product_tag?post=19722"},{"taxonomy":"product-themes","embeddable":true,"href":"https:\/\/dev.adnart.com\/fr\/wp-json\/wp\/v2\/product-themes?post=19722"},{"taxonomy":"special","embeddable":true,"href":"https:\/\/dev.adnart.com\/fr\/wp-json\/wp\/v2\/special?post=19722"}],"curies":[{"name":"wp","href":"https:\/\/api.w.org\/{rel}","templated":true}]}}