{"id":19682,"date":"2024-01-09T11:28:31","date_gmt":"2024-01-09T11:28:31","guid":{"rendered":"http:\/\/localhost\/adnartLatest\/?post_type=product&#038;p=19682"},"modified":"2026-02-20T05:15:17","modified_gmt":"2026-02-20T03:15:17","slug":"asobu-coffee-express","status":"publish","type":"product","link":"https:\/\/dev.adnart.com\/fr\/produit\/asobu-coffee-express\/","title":{"rendered":"Caf\u00e9 express ASOBU &#8211; BF52"},"content":{"rendered":"<p><span style=\"color: #ff0000;\">Nouvelles couleurs pastel !<\/span><\/p>\n<p>Faites l&#8217;exp\u00e9rience d&#8217;une tasse parfaite \u00e0 chaque fois avec le <strong>Coffee Express d&#8217;ASOBU<\/strong>. Son rev\u00eatement en c\u00e9ramique pr\u00e9serve la saveur pure du caf\u00e9, sans le<em>&#8220;go\u00fbt de m\u00e9tal&#8221; <\/em>souvent associ\u00e9 aux mat\u00e9riaux en acier. Le rev\u00eatement en c\u00e9ramique lisse garantit que le go\u00fbt de votre boisson reste intact, tandis que l&#8217;ext\u00e9rieur en acier inoxydable durable et isol\u00e9 sous vide garde les boissons chaudes tout au long de la journ\u00e9e. Dot\u00e9 d&#8217;un couvercle \u00e9tanche \u00e0 ouverture instantan\u00e9e qui est \u00e0 la fois facile \u00e0 utiliser et qui s&#8217;adapte parfaitement au rev\u00eatement en c\u00e9ramique, ce mug est aussi pratique qu&#8217;\u00e9l\u00e9gant. M\u00eame avec une bouteille de 12 oz. Il se loge facilement dans les porte-gobelets standard, ce qui rend vos trajets quotidiens un peu plus agr\u00e9ables.<\/p>\n<p><strong>Ce produit est exempt de BPA et de plomb.<\/strong><\/p>\n","protected":false},"excerpt":{"rendered":"<p>Gobelet en acier inoxydable avec couvercle \u00e0 double fonction<\/p>\n","protected":false},"featured_media":29273,"comment_status":"open","ping_status":"closed","template":"","meta":{"inventory_464_copy":"<p>API to MS ACCESS<\/p>\n"},"product_brand":[],"product_cat":[2383,1893,2639,2380,2115,1612,1586,2618],"product_tag":[426,427],"product-themes":[],"special":[],"class_list":{"0":"post-19682","1":"product","2":"type-product","3":"status-publish","4":"has-post-thumbnail","6":"product_cat-inventaire-approfondi","7":"product_cat-meilleures-ventes","8":"product_cat-meilleurs-vendeurs","9":"product_cat-nouvel-arrivage","10":"product_cat-puramic-fr-2","11":"product_cat-tasses-et-gobelets-de-voyage","12":"product_cat-tasses-et-gobelets-en-acier-inoxydable","13":"product_cat-tous-les-produits","14":"product_tag-cafe","15":"product_tag-the","16":"pa_color-basilic-vert","17":"pa_color-blanc","18":"pa_color-bleu-fr","19":"pa_color-bleu-pastel","20":"pa_color-noir","21":"pa_color-peche-pastel","22":"pa_color-rose","23":"pa_color-rose-pastel","24":"pa_color-vert","25":"pa_color-vert-pastel","26":"pa_materials-acier-inoxydable","27":"pa_materials-puramic","29":"first","30":"instock","31":"shipping-taxable","32":"purchasable","33":"product-type-variable"},"_links":{"self":[{"href":"https:\/\/dev.adnart.com\/fr\/wp-json\/wp\/v2\/product\/19682","targetHints":{"allow":["GET"]}}],"collection":[{"href":"https:\/\/dev.adnart.com\/fr\/wp-json\/wp\/v2\/product"}],"about":[{"href":"https:\/\/dev.adnart.com\/fr\/wp-json\/wp\/v2\/types\/product"}],"replies":[{"embeddable":true,"href":"https:\/\/dev.adnart.com\/fr\/wp-json\/wp\/v2\/comments?post=19682"}],"version-history":[{"count":3,"href":"https:\/\/dev.adnart.com\/fr\/wp-json\/wp\/v2\/product\/19682\/revisions"}],"predecessor-version":[{"id":30456,"href":"https:\/\/dev.adnart.com\/fr\/wp-json\/wp\/v2\/product\/19682\/revisions\/30456"}],"wp:featuredmedia":[{"embeddable":true,"href":"https:\/\/dev.adnart.com\/fr\/wp-json\/wp\/v2\/media\/29273"}],"wp:attachment":[{"href":"https:\/\/dev.adnart.com\/fr\/wp-json\/wp\/v2\/media?parent=19682"}],"wp:term":[{"taxonomy":"product_brand","embeddable":true,"href":"https:\/\/dev.adnart.com\/fr\/wp-json\/wp\/v2\/product_brand?post=19682"},{"taxonomy":"product_cat","embeddable":true,"href":"https:\/\/dev.adnart.com\/fr\/wp-json\/wp\/v2\/product_cat?post=19682"},{"taxonomy":"product_tag","embeddable":true,"href":"https:\/\/dev.adnart.com\/fr\/wp-json\/wp\/v2\/product_tag?post=19682"},{"taxonomy":"product-themes","embeddable":true,"href":"https:\/\/dev.adnart.com\/fr\/wp-json\/wp\/v2\/product-themes?post=19682"},{"taxonomy":"special","embeddable":true,"href":"https:\/\/dev.adnart.com\/fr\/wp-json\/wp\/v2\/special?post=19682"}],"curies":[{"name":"wp","href":"https:\/\/api.w.org\/{rel}","templated":true}]}}