{"id":19638,"date":"2024-01-09T10:48:15","date_gmt":"2024-01-09T10:48:15","guid":{"rendered":"http:\/\/localhost\/adnartLatest\/?post_type=product&#038;p=19638"},"modified":"2026-02-20T05:16:56","modified_gmt":"2026-02-20T03:16:56","slug":"barkley-bottle-twb21","status":"publish","type":"product","link":"https:\/\/dev.adnart.com\/fr\/produit\/barkley-bottle-twb21\/","title":{"rendered":"Bouteille ASOBU Barkley &#8211; TWB21"},"content":{"rendered":"<p><span data-sheets-root=\"1\" data-sheets-value=\"{\"1\":2,\"2\":\"The fun lightweight and sturdy Barkley performs best on long walks. Constructed from lightweight, heavy duty, shock and scratch resistant Tritan\u2122\u2122 (100% BPA Free). A detachable silicone dog bowl and ergonomic handle completes this canine water carrier. Easily share water by simply removing the silicone bowl from the base and re-attach when not in use. Dishwasher safe silicone bowl.\"}\" data-sheets-userformat=\"{\"2\":14531,\"3\":{\"1\":1},\"4\":{\"1\":2,\"2\":16776960},\"9\":0,\"10\":0,\"14\":{\"1\":2,\"2\":0},\"15\":\"Tahoma\",\"16\":8}\">Le <strong>Barkley d&#8217;<\/strong> <strong>ASOBU<\/strong>, amusant, l\u00e9ger mais robuste, est fabriqu\u00e9 en Tritan\u2122 r\u00e9sistant aux chocs et aux rayures. Il s&#8217;agit d&#8217;une carafe de grande capacit\u00e9 (1,5 L) dot\u00e9e d&#8217;une poign\u00e9e ergonomique qui vous permet, \u00e0 vous et \u00e0 votre meilleur ami, de vous hydrater pendant les longues promenades. Partagez facilement l&#8217;eau avec votre animal en retirant simplement le bol en silicone de la base. La gamelle peut contenir environ 2 tasses (19,2 oz), est lavable au lave-vaisselle et peut \u00eatre facilement enlev\u00e9e ou remise en place lorsqu&#8217;elle n&#8217;est pas utilis\u00e9e.     <\/span><\/p>\n<p><strong>Ce produit est exempt de BPA et de plomb.<\/strong><\/p>\n","protected":false},"excerpt":{"rendered":"<p>Pichet \u00e0 double fonction avec \u00e9cuelle pour chien<\/p>\n","protected":false},"featured_media":19652,"comment_status":"open","ping_status":"closed","template":"","meta":{"inventory_464_copy":"<p>API to MS ACCESS<\/p>\n"},"product_brand":[],"product_cat":[1613,1617,210,2383,1893,2618,1664],"product_tag":[1629,1672,1688,1692,1696],"product-themes":[],"special":[],"class_list":{"0":"post-19638","1":"product","2":"type-product","3":"status-publish","4":"has-post-thumbnail","6":"product_cat-tritan-verre","7":"product_cat-animaux-de-compagnie","8":"product_cat-bouteilles","9":"product_cat-inventaire-approfondi","10":"product_cat-meilleures-ventes","11":"product_cat-tous-les-produits","12":"product_cat-tritan-fr","13":"product_tag-50-oz-fr","14":"product_tag-bouteille-deau","15":"product_tag-camping-fr","16":"product_tag-pichet","17":"product_tag-sports-fr","18":"pa_color-bleu-fr","19":"pa_color-jaune","20":"pa_color-rose","21":"pa_materials-tritan-fr","23":"first","24":"instock","25":"shipping-taxable","26":"purchasable","27":"product-type-variable"},"_links":{"self":[{"href":"https:\/\/dev.adnart.com\/fr\/wp-json\/wp\/v2\/product\/19638","targetHints":{"allow":["GET"]}}],"collection":[{"href":"https:\/\/dev.adnart.com\/fr\/wp-json\/wp\/v2\/product"}],"about":[{"href":"https:\/\/dev.adnart.com\/fr\/wp-json\/wp\/v2\/types\/product"}],"replies":[{"embeddable":true,"href":"https:\/\/dev.adnart.com\/fr\/wp-json\/wp\/v2\/comments?post=19638"}],"version-history":[{"count":10,"href":"https:\/\/dev.adnart.com\/fr\/wp-json\/wp\/v2\/product\/19638\/revisions"}],"predecessor-version":[{"id":34093,"href":"https:\/\/dev.adnart.com\/fr\/wp-json\/wp\/v2\/product\/19638\/revisions\/34093"}],"wp:featuredmedia":[{"embeddable":true,"href":"https:\/\/dev.adnart.com\/fr\/wp-json\/wp\/v2\/media\/19652"}],"wp:attachment":[{"href":"https:\/\/dev.adnart.com\/fr\/wp-json\/wp\/v2\/media?parent=19638"}],"wp:term":[{"taxonomy":"product_brand","embeddable":true,"href":"https:\/\/dev.adnart.com\/fr\/wp-json\/wp\/v2\/product_brand?post=19638"},{"taxonomy":"product_cat","embeddable":true,"href":"https:\/\/dev.adnart.com\/fr\/wp-json\/wp\/v2\/product_cat?post=19638"},{"taxonomy":"product_tag","embeddable":true,"href":"https:\/\/dev.adnart.com\/fr\/wp-json\/wp\/v2\/product_tag?post=19638"},{"taxonomy":"product-themes","embeddable":true,"href":"https:\/\/dev.adnart.com\/fr\/wp-json\/wp\/v2\/product-themes?post=19638"},{"taxonomy":"special","embeddable":true,"href":"https:\/\/dev.adnart.com\/fr\/wp-json\/wp\/v2\/special?post=19638"}],"curies":[{"name":"wp","href":"https:\/\/api.w.org\/{rel}","templated":true}]}}