{"id":19593,"date":"2024-01-09T09:55:18","date_gmt":"2024-01-09T09:55:18","guid":{"rendered":"http:\/\/localhost\/adnartLatest\/?post_type=product&#038;p=19593"},"modified":"2026-02-20T05:18:50","modified_gmt":"2026-02-20T03:18:50","slug":"asobu-twin-pack-twp33","status":"publish","type":"product","link":"https:\/\/dev.adnart.com\/fr\/produit\/asobu-twin-pack-twp33\/","title":{"rendered":"ASOBU Twin Pack &#8211; TWP33"},"content":{"rendered":"<p>Simplifiez-vous la vie avec le <strong>Twin Pack d&#8217;ASOBU<\/strong> &#8211; une combinaison unique de bouteille et de tasse en un seul produit ! Savourez des boissons froides dans la bouteille isotherme en acier inoxydable et des boissons chaudes dans le mug. Pour faciliter le transport, la bouteille se glisse dans le mug et peut \u00eatre plac\u00e9e dans un porte-gobelet. Parfait pour le bureau, l&#8217;\u00e9cole, les voyages ou les aventures en plein air, ce mod\u00e8le polyvalent \u00e0 double usage est pr\u00eat \u00e0 faire face \u00e0 toutes les situations.   <\/p>\n<p><strong>Ce produit est exempt de BPA et de plomb.<\/strong><\/p>\n","protected":false},"excerpt":{"rendered":"<p>Gobelet en acier inoxydable avec couvercle \u00e0 double fonction<\/p>\n","protected":false},"featured_media":29692,"comment_status":"open","ping_status":"closed","template":"","meta":{"inventory_464_copy":"<p>API to MS ACCESS<\/p>\n"},"product_brand":[],"product_cat":[1600,210,2383,1893,1612,1605,1586,2618],"product_tag":[302,220,215,229,445,230,213,226,299,444,304,2581],"product-themes":[],"special":[],"class_list":{"0":"post-19593","1":"product","2":"type-product","3":"status-publish","4":"has-post-thumbnail","6":"product_cat-acier-inoxydable","7":"product_cat-bouteilles","8":"product_cat-inventaire-approfondi","9":"product_cat-meilleures-ventes","10":"product_cat-tasses-et-gobelets-de-voyage","11":"product_cat-tasses-et-gobelets-en-acier-inoxydable-fr","12":"product_cat-tasses-et-gobelets-en-acier-inoxydable","13":"product_cat-tous-les-produits","14":"product_tag-12-heures-chaudes","15":"product_tag-acier-inoxydable-a-double-paroi-fr","16":"product_tag-couvercle-etanche","17":"product_tag-finition-par-revetement-en-poudre-fr","18":"product_tag-mug-de-voyage","19":"product_tag-ouverture-de-la-paille","20":"product_tag-pour-les-boissons-chaudes-ou-froides","21":"product_tag-revetement-en-cuivre-fr","22":"product_tag-sans-bpa","23":"product_tag-tasse-a-cafe-fr","24":"product_tag-thermos-fr","25":"product_tag-vacuum-insulated-fr","26":"pa_color-blanc","27":"pa_color-menthe","28":"pa_color-noir","29":"pa_color-rose","30":"pa_color-rouge-2","31":"pa_materials-acier-inoxydable","33":"first","34":"instock","35":"shipping-taxable","36":"purchasable","37":"product-type-variable"},"_links":{"self":[{"href":"https:\/\/dev.adnart.com\/fr\/wp-json\/wp\/v2\/product\/19593","targetHints":{"allow":["GET"]}}],"collection":[{"href":"https:\/\/dev.adnart.com\/fr\/wp-json\/wp\/v2\/product"}],"about":[{"href":"https:\/\/dev.adnart.com\/fr\/wp-json\/wp\/v2\/types\/product"}],"replies":[{"embeddable":true,"href":"https:\/\/dev.adnart.com\/fr\/wp-json\/wp\/v2\/comments?post=19593"}],"version-history":[{"count":7,"href":"https:\/\/dev.adnart.com\/fr\/wp-json\/wp\/v2\/product\/19593\/revisions"}],"predecessor-version":[{"id":33690,"href":"https:\/\/dev.adnart.com\/fr\/wp-json\/wp\/v2\/product\/19593\/revisions\/33690"}],"wp:featuredmedia":[{"embeddable":true,"href":"https:\/\/dev.adnart.com\/fr\/wp-json\/wp\/v2\/media\/29692"}],"wp:attachment":[{"href":"https:\/\/dev.adnart.com\/fr\/wp-json\/wp\/v2\/media?parent=19593"}],"wp:term":[{"taxonomy":"product_brand","embeddable":true,"href":"https:\/\/dev.adnart.com\/fr\/wp-json\/wp\/v2\/product_brand?post=19593"},{"taxonomy":"product_cat","embeddable":true,"href":"https:\/\/dev.adnart.com\/fr\/wp-json\/wp\/v2\/product_cat?post=19593"},{"taxonomy":"product_tag","embeddable":true,"href":"https:\/\/dev.adnart.com\/fr\/wp-json\/wp\/v2\/product_tag?post=19593"},{"taxonomy":"product-themes","embeddable":true,"href":"https:\/\/dev.adnart.com\/fr\/wp-json\/wp\/v2\/product-themes?post=19593"},{"taxonomy":"special","embeddable":true,"href":"https:\/\/dev.adnart.com\/fr\/wp-json\/wp\/v2\/special?post=19593"}],"curies":[{"name":"wp","href":"https:\/\/api.w.org\/{rel}","templated":true}]}}