{"id":19575,"date":"2024-01-09T09:19:58","date_gmt":"2024-01-09T09:19:58","guid":{"rendered":"http:\/\/localhost\/adnartLatest\/?post_type=product&#038;p=19575"},"modified":"2026-02-20T05:20:33","modified_gmt":"2026-02-20T03:20:33","slug":"asobu-vin-blanc-wine-chiller-vpb1","status":"publish","type":"product","link":"https:\/\/dev.adnart.com\/fr\/produit\/asobu-vin-blanc-wine-chiller-vpb1\/","title":{"rendered":"ASOBU Vin Blanc Refroidisseur de vin -VPB1"},"content":{"rendered":"<p>Cet ing\u00e9nieux refroidisseur de vin est pratique, l\u00e9ger et con\u00e7u dans un souci de s\u00e9curit\u00e9. Sa construction en acier inoxydable \u00e0 double paroi et \u00e0 isolation sous vide garde votre vin au frais jusqu&#8217;\u00e0 24 heures, tandis que l&#8217;int\u00e9rieur rembourr\u00e9 prot\u00e8ge la bouteille contre la casse. L&#8217;\u00e9l\u00e9gante mallette de transport est dot\u00e9e d&#8217;une sangle int\u00e9gr\u00e9e au couvercle rembourr\u00e9 pour plus de commodit\u00e9.   Un bouchon en silicone pratique compl\u00e8te ce refroidisseur bien con\u00e7u.  <em>Veuillez noter que la gravure profonde et la gravure au laser ne sont pas disponibles pour l&#8217;option argent.<\/em><\/p>\n<p>Brevet en instance.<\/p>\n<p><strong>Ce produit est exempt de BPA et de plomb.<\/strong><\/p>\n<div class=\"flex-shrink-0 flex flex-col relative items-end\">\n<div>\n<div class=\"pt-0\">\n<div class=\"gizmo-bot-avatar flex h-8 w-8 items-center justify-center overflow-hidden rounded-full\">\n<div class=\"relative p-1 rounded-sm flex items-center justify-center bg-token-main-surface-primary text-token-text-primary h-8 w-8\"><\/div>\n<\/div>\n<\/div>\n<\/div>\n<\/div>\n<div class=\"group\/conversation-turn relative flex w-full min-w-0 flex-col agent-turn\">\n<div class=\"flex-col gap-1 md:gap-3\">\n<div class=\"flex max-w-full flex-col flex-grow\">\n<div class=\"min-h-8 text-message flex w-full flex-col items-end gap-2 whitespace-normal break-words text-start [.text-message+&amp;]:mt-5\" dir=\"auto\" data-message-author-role=\"assistant\" data-message-id=\"06aa85c1-5f3a-437a-b501-9c5048a32a3b\" data-message-model-slug=\"gpt-4o\">\n<div class=\"flex w-full flex-col gap-1 empty:hidden first:pt-[3px]\">\n<div class=\"markdown prose w-full break-words dark:prose-invert light\">\n<p>&nbsp;<\/p>\n<\/div>\n<\/div>\n<\/div>\n<\/div>\n<\/div>\n<\/div>\n","protected":false},"excerpt":{"rendered":"<p>Refroidisseur de vin<\/p>\n","protected":false},"featured_media":30237,"comment_status":"open","ping_status":"closed","template":"","meta":{"inventory_464_copy":"<p>API to MS ACCESS<\/p>\n"},"product_brand":[],"product_cat":[365,1603,1893,2618],"product_tag":[220,1582,1577,1690,1576,335,1584,1583,1580],"product-themes":[],"special":[],"class_list":{"0":"post-19575","1":"product","2":"type-product","3":"status-publish","4":"has-post-thumbnail","6":"product_cat-articles-de-bar","7":"product_cat-isolateurs-et-articles-de-bar-fr","8":"product_cat-meilleures-ventes","9":"product_cat-tous-les-produits","10":"product_tag-acier-inoxydable-a-double-paroi-fr","11":"product_tag-bouchon-de-vin","12":"product_tag-froid","13":"product_tag-isolation-sous-vide-fr","14":"product_tag-poignee","15":"product_tag-portable-fr","16":"product_tag-refroidissement","17":"product_tag-refroidissement-24-heures-sur-24","18":"product_tag-refroidisseur","19":"pa_color-argent","20":"pa_color-noir","21":"pa_materials-acier-inoxydable","23":"first","24":"instock","25":"shipping-taxable","26":"purchasable","27":"product-type-variable"},"_links":{"self":[{"href":"https:\/\/dev.adnart.com\/fr\/wp-json\/wp\/v2\/product\/19575","targetHints":{"allow":["GET"]}}],"collection":[{"href":"https:\/\/dev.adnart.com\/fr\/wp-json\/wp\/v2\/product"}],"about":[{"href":"https:\/\/dev.adnart.com\/fr\/wp-json\/wp\/v2\/types\/product"}],"replies":[{"embeddable":true,"href":"https:\/\/dev.adnart.com\/fr\/wp-json\/wp\/v2\/comments?post=19575"}],"version-history":[{"count":6,"href":"https:\/\/dev.adnart.com\/fr\/wp-json\/wp\/v2\/product\/19575\/revisions"}],"predecessor-version":[{"id":35500,"href":"https:\/\/dev.adnart.com\/fr\/wp-json\/wp\/v2\/product\/19575\/revisions\/35500"}],"wp:featuredmedia":[{"embeddable":true,"href":"https:\/\/dev.adnart.com\/fr\/wp-json\/wp\/v2\/media\/30237"}],"wp:attachment":[{"href":"https:\/\/dev.adnart.com\/fr\/wp-json\/wp\/v2\/media?parent=19575"}],"wp:term":[{"taxonomy":"product_brand","embeddable":true,"href":"https:\/\/dev.adnart.com\/fr\/wp-json\/wp\/v2\/product_brand?post=19575"},{"taxonomy":"product_cat","embeddable":true,"href":"https:\/\/dev.adnart.com\/fr\/wp-json\/wp\/v2\/product_cat?post=19575"},{"taxonomy":"product_tag","embeddable":true,"href":"https:\/\/dev.adnart.com\/fr\/wp-json\/wp\/v2\/product_tag?post=19575"},{"taxonomy":"product-themes","embeddable":true,"href":"https:\/\/dev.adnart.com\/fr\/wp-json\/wp\/v2\/product-themes?post=19575"},{"taxonomy":"special","embeddable":true,"href":"https:\/\/dev.adnart.com\/fr\/wp-json\/wp\/v2\/special?post=19575"}],"curies":[{"name":"wp","href":"https:\/\/api.w.org\/{rel}","templated":true}]}}