{"id":19435,"date":"2024-01-08T16:11:56","date_gmt":"2024-01-08T16:11:56","guid":{"rendered":"http:\/\/localhost\/adnartLatest\/?post_type=product&#038;p=19435"},"modified":"2026-02-20T05:21:40","modified_gmt":"2026-02-20T03:21:40","slug":"good-morning-mug","status":"publish","type":"product","link":"https:\/\/dev.adnart.com\/fr\/produit\/good-morning-mug\/","title":{"rendered":"Mug Good Morning &#8211; BL890"},"content":{"rendered":"<p>La tasse <strong>Good Morning<\/strong> a une forme cylindrique classique, l\u00e9g\u00e8rement effil\u00e9e. La base est plus \u00e9troite que le sommet, ce qui lui donne un aspect conique subtil. L&#8217;anse est incurv\u00e9e et ergonomique pour une prise en main confortable. Le design g\u00e9n\u00e9ral est \u00e9l\u00e9gant et simple, ce qui le rend polyvalent pour diverses utilisations.   <\/p>\n<p>D&#8217;une capacit\u00e9 de 14 oz, la tasse est parfaite pour vos boissons chaudes, qu&#8217;il s&#8217;agisse de caf\u00e9, de th\u00e9, de cacao, etc. Finition brillante en \u00e9mail de bonne qualit\u00e9. Passe au lave-vaisselle et au micro-ondes.  <\/p>\n<p><strong>Ce produit est exempt de BPA et de plomb.<\/strong><\/p>\n","protected":false},"excerpt":{"rendered":"<p>Gobelet en acier inoxydable avec couvercle \u00e0 double fonction<\/p>\n","protected":false},"featured_media":19449,"comment_status":"open","ping_status":"closed","template":"","meta":{"inventory_464_copy":"<p>API to MS ACCESS<\/p>\n"},"product_brand":[],"product_cat":[1893,277,1654,2618],"product_tag":[1693,329,1698,1701,1576,1608,1601,369],"product-themes":[],"special":[],"class_list":{"0":"post-19435","1":"product","2":"type-product","3":"status-publish","4":"has-post-thumbnail","6":"product_cat-meilleures-ventes","7":"product_cat-mugs-fr","8":"product_cat-mugs-en-ceramique","9":"product_cat-tous-les-produits","10":"product_tag-355-ml-fr","11":"product_tag-bouche-large","12":"product_tag-ceramique","13":"product_tag-gres","14":"product_tag-poignee","15":"product_tag-poignee-doreille","16":"product_tag-porte-boissons","17":"product_tag-tasse-a-cafe","18":"pa_color-blanc","19":"pa_color-bleu-fr","20":"pa_color-noir","21":"pa_materials-ceramique","23":"first","24":"instock","25":"shipping-taxable","26":"purchasable","27":"product-type-variable"},"_links":{"self":[{"href":"https:\/\/dev.adnart.com\/fr\/wp-json\/wp\/v2\/product\/19435","targetHints":{"allow":["GET"]}}],"collection":[{"href":"https:\/\/dev.adnart.com\/fr\/wp-json\/wp\/v2\/product"}],"about":[{"href":"https:\/\/dev.adnart.com\/fr\/wp-json\/wp\/v2\/types\/product"}],"replies":[{"embeddable":true,"href":"https:\/\/dev.adnart.com\/fr\/wp-json\/wp\/v2\/comments?post=19435"}],"version-history":[{"count":10,"href":"https:\/\/dev.adnart.com\/fr\/wp-json\/wp\/v2\/product\/19435\/revisions"}],"predecessor-version":[{"id":34096,"href":"https:\/\/dev.adnart.com\/fr\/wp-json\/wp\/v2\/product\/19435\/revisions\/34096"}],"wp:featuredmedia":[{"embeddable":true,"href":"https:\/\/dev.adnart.com\/fr\/wp-json\/wp\/v2\/media\/19449"}],"wp:attachment":[{"href":"https:\/\/dev.adnart.com\/fr\/wp-json\/wp\/v2\/media?parent=19435"}],"wp:term":[{"taxonomy":"product_brand","embeddable":true,"href":"https:\/\/dev.adnart.com\/fr\/wp-json\/wp\/v2\/product_brand?post=19435"},{"taxonomy":"product_cat","embeddable":true,"href":"https:\/\/dev.adnart.com\/fr\/wp-json\/wp\/v2\/product_cat?post=19435"},{"taxonomy":"product_tag","embeddable":true,"href":"https:\/\/dev.adnart.com\/fr\/wp-json\/wp\/v2\/product_tag?post=19435"},{"taxonomy":"product-themes","embeddable":true,"href":"https:\/\/dev.adnart.com\/fr\/wp-json\/wp\/v2\/product-themes?post=19435"},{"taxonomy":"special","embeddable":true,"href":"https:\/\/dev.adnart.com\/fr\/wp-json\/wp\/v2\/special?post=19435"}],"curies":[{"name":"wp","href":"https:\/\/api.w.org\/{rel}","templated":true}]}}