{"id":19362,"date":"2024-01-08T15:14:18","date_gmt":"2024-01-08T15:14:18","guid":{"rendered":"http:\/\/localhost\/adnartLatest\/?post_type=product&#038;p=19362"},"modified":"2026-02-20T05:22:51","modified_gmt":"2026-02-20T03:22:51","slug":"asobu-pick-me-up","status":"publish","type":"product","link":"https:\/\/dev.adnart.com\/fr\/produit\/asobu-pick-me-up\/","title":{"rendered":"ASOBU Pick Me Up &#8211; BF62"},"content":{"rendered":"<p><span style=\"color: #ff0000;\">Nouvelles couleurs pastel !<\/span><\/p>\n<p>Nous avons la tasse parfaite pour rendre votre trajet du matin un peu plus supportable : Voici le<strong> Pick Me Up ASOBU<\/strong>.<\/p>\n<p>Rendez vos trajets plus agr\u00e9ables avec la tasse qui garde votre caf\u00e9 chaud pendant des heures tout en pr\u00e9servant sa saveur parfaite, gr\u00e2ce au rev\u00eatement en c\u00e9ramique ASOBU <em>No Metal Taste<\/em>. Le couvercle \u00e0 vis et \u00e0 ouverture rapide est con\u00e7u pour les boissons chaudes et emp\u00eache les renversements, m\u00eame sur les trajets les plus cahoteux. Avec une capacit\u00e9 g\u00e9n\u00e9reuse de 22 oz, le Pick Me Up a assez d&#8217;espace pour vous permettre de rester caf\u00e9in\u00e9 toute la journ\u00e9e et s&#8217;adapte parfaitement aux porte-gobelets standard. Dites adieu au blues de la circulation et bonjour \u00e0 la joie des trajets quotidiens !   <\/p>\n<p><strong>Ce produit est exempt de BPA et de plomb.<\/strong><\/p>\n<p>&nbsp;<\/p>\n","protected":false},"excerpt":{"rendered":"<p>Mug de voyage isotherme doubl\u00e9 de c\u00e9ramique<\/p>\n","protected":false},"featured_media":29286,"comment_status":"open","ping_status":"closed","template":"","meta":{"inventory_464_copy":"<p>API to MS ACCESS<\/p>\n"},"product_brand":[],"product_cat":[2383,1893,2639,277,2380,1609,1612,1586,2618],"product_tag":[426,425,423,443,445,420,442,421,441,444,446,2581],"product-themes":[],"special":[],"class_list":{"0":"post-19362","1":"product","2":"type-product","3":"status-publish","4":"has-post-thumbnail","6":"product_cat-inventaire-approfondi","7":"product_cat-meilleures-ventes","8":"product_cat-meilleurs-vendeurs","9":"product_cat-mugs-fr","10":"product_cat-nouvel-arrivage","11":"product_cat-puramic-fr","12":"product_cat-tasses-et-gobelets-de-voyage","13":"product_cat-tasses-et-gobelets-en-acier-inoxydable","14":"product_cat-tous-les-produits","15":"product_tag-cafe","16":"product_tag-couvercle-a-ouverture-rapide","17":"product_tag-exterieur-en-acier-inoxydable","18":"product_tag-gobelet-a-cafe","19":"product_tag-mug-de-voyage","20":"product_tag-pas-de-gout-de-metal","21":"product_tag-puramic-fr","22":"product_tag-revetement-ceramique","23":"product_tag-tasse","24":"product_tag-tasse-a-cafe-fr","25":"product_tag-vacances","26":"product_tag-vacuum-insulated-fr","27":"pa_color-basilic-vert","28":"pa_color-blanc","29":"pa_color-bleu-fr","30":"pa_color-bleu-pastel","31":"pa_color-noir","32":"pa_color-peche-pastel","33":"pa_color-rose","34":"pa_color-rose-pastel","35":"pa_color-vert","36":"pa_color-vert-pastel","37":"pa_materials-acier-inoxydable","38":"pa_materials-puramic","40":"first","41":"instock","42":"shipping-taxable","43":"purchasable","44":"product-type-variable"},"_links":{"self":[{"href":"https:\/\/dev.adnart.com\/fr\/wp-json\/wp\/v2\/product\/19362","targetHints":{"allow":["GET"]}}],"collection":[{"href":"https:\/\/dev.adnart.com\/fr\/wp-json\/wp\/v2\/product"}],"about":[{"href":"https:\/\/dev.adnart.com\/fr\/wp-json\/wp\/v2\/types\/product"}],"replies":[{"embeddable":true,"href":"https:\/\/dev.adnart.com\/fr\/wp-json\/wp\/v2\/comments?post=19362"}],"version-history":[{"count":12,"href":"https:\/\/dev.adnart.com\/fr\/wp-json\/wp\/v2\/product\/19362\/revisions"}],"predecessor-version":[{"id":34097,"href":"https:\/\/dev.adnart.com\/fr\/wp-json\/wp\/v2\/product\/19362\/revisions\/34097"}],"wp:featuredmedia":[{"embeddable":true,"href":"https:\/\/dev.adnart.com\/fr\/wp-json\/wp\/v2\/media\/29286"}],"wp:attachment":[{"href":"https:\/\/dev.adnart.com\/fr\/wp-json\/wp\/v2\/media?parent=19362"}],"wp:term":[{"taxonomy":"product_brand","embeddable":true,"href":"https:\/\/dev.adnart.com\/fr\/wp-json\/wp\/v2\/product_brand?post=19362"},{"taxonomy":"product_cat","embeddable":true,"href":"https:\/\/dev.adnart.com\/fr\/wp-json\/wp\/v2\/product_cat?post=19362"},{"taxonomy":"product_tag","embeddable":true,"href":"https:\/\/dev.adnart.com\/fr\/wp-json\/wp\/v2\/product_tag?post=19362"},{"taxonomy":"product-themes","embeddable":true,"href":"https:\/\/dev.adnart.com\/fr\/wp-json\/wp\/v2\/product-themes?post=19362"},{"taxonomy":"special","embeddable":true,"href":"https:\/\/dev.adnart.com\/fr\/wp-json\/wp\/v2\/special?post=19362"}],"curies":[{"name":"wp","href":"https:\/\/api.w.org\/{rel}","templated":true}]}}