{"id":18060,"date":"2023-12-18T07:49:52","date_gmt":"2023-12-18T07:49:52","guid":{"rendered":"http:\/\/localhost\/adnartLatest\/shop\/non%20class\u00e9\/20-oz-asobu-tied-tumbler-tasse-de-voyage-isolee-sous-vide\/"},"modified":"2026-02-20T05:24:18","modified_gmt":"2026-02-20T03:24:18","slug":"asobu-tied-tumbler-bf21","status":"publish","type":"product","link":"https:\/\/dev.adnart.com\/fr\/produit\/asobu-tied-tumbler-bf21\/","title":{"rendered":"Gobelet ASOBU Tied &#8211; BF21"},"content":{"rendered":"<p><span data-sheets-root=\"1\" data-sheets-value=\"{\"1\":2,\"2\":\"The Tied Tumbler is the newest addition to our Lifetime Warranty series. This sturdy vacuum insulated, double wall, 18\/8 stainless steel tumbler will keep your drink hot for up to 12 hours and cool up to 24 hours! A transparent spill proof adjustable lid completes this modern on the go tumbler. The stunning dual finish gives the Tied Tumbler a modern upscale look and a solid feel with a large 20 Oz.\/600 ml capacity. it is the ultimate tumbler. Grab one for the office, school, or car.\"}\" data-sheets-userformat=\"{\"2\":14529,\"3\":{\"1\":1},\"9\":0,\"10\":0,\"14\":{\"1\":2,\"2\":0},\"15\":\"Tahoma\",\"16\":8}\">Le gobelet Tied est le dernier n\u00e9 de notre s\u00e9rie garantie \u00e0 vie. Ce gobelet robuste en acier inoxydable 18\/8 \u00e0 double paroi, isol\u00e9 sous vide, gardera votre boisson chaude jusqu&#8217;\u00e0 12 heures et fra\u00eeche jusqu&#8217;\u00e0 24 heures ! Un couvercle transparent ajustable anti-d\u00e9bordement compl\u00e8te ce gobelet moderne. L&#8217;\u00e9tonnante double finition donne au gobelet Tied un aspect moderne et haut de gamme et une sensation de solidit\u00e9 avec une grande capacit\u00e9 de 20 Oz \/ 600 ml. Prenez-en un pour le bureau, l&#8217;\u00e9cole ou la voiture.<\/span><\/p>\n<p><strong>Ce produit est exempt de BPA.<\/strong><\/p>\n<p>&nbsp;<\/p>\n","protected":false},"excerpt":{"rendered":"<p>Le gobelet Tied est le dernier n\u00e9 de notre s\u00e9rie garantie \u00e0 vie. Ce gobelet robuste en acier inoxydable 18\/8<\/p>\n","protected":false},"featured_media":30267,"comment_status":"open","ping_status":"closed","template":"","meta":{"inventory_464_copy":"<p>[inventory_details]<\/p>\n"},"product_brand":[],"product_cat":[276,1893,277],"product_tag":[302,303,293,295,298,301,294,297,2569,300,299,304,2581],"product-themes":[2532,2533,2534],"special":[],"class_list":{"0":"post-18060","1":"product","2":"type-product","3":"status-publish","4":"has-post-thumbnail","6":"product_cat-gobelets","7":"product_cat-meilleures-ventes","8":"product_cat-mugs-fr","9":"product_tag-12-heures-chaudes","10":"product_tag-24-heures-de-froid","11":"product_tag-560-ml-fr","12":"product_tag-a-lepreuve-des-deversements","13":"product_tag-acier-inoxydable","14":"product_tag-couvercle-amovible","15":"product_tag-couvercle-coulissant","16":"product_tag-double-paroi-fr","17":"product_tag-double-wall-fr","18":"product_tag-lavable-au-lave-vaisselle","19":"product_tag-sans-bpa","20":"product_tag-thermos-fr","21":"product_tag-vacuum-insulated-fr","22":"pa_color-blanc","23":"pa_color-noir","24":"pa_materials-acier-inoxydable","25":"product-themes-beverage-fr","26":"product-themes-drinking-fr","27":"product-themes-travel-fr","29":"first","30":"instock","31":"shipping-taxable","32":"purchasable","33":"product-type-variable"},"_links":{"self":[{"href":"https:\/\/dev.adnart.com\/fr\/wp-json\/wp\/v2\/product\/18060","targetHints":{"allow":["GET"]}}],"collection":[{"href":"https:\/\/dev.adnart.com\/fr\/wp-json\/wp\/v2\/product"}],"about":[{"href":"https:\/\/dev.adnart.com\/fr\/wp-json\/wp\/v2\/types\/product"}],"replies":[{"embeddable":true,"href":"https:\/\/dev.adnart.com\/fr\/wp-json\/wp\/v2\/comments?post=18060"}],"version-history":[{"count":10,"href":"https:\/\/dev.adnart.com\/fr\/wp-json\/wp\/v2\/product\/18060\/revisions"}],"predecessor-version":[{"id":33486,"href":"https:\/\/dev.adnart.com\/fr\/wp-json\/wp\/v2\/product\/18060\/revisions\/33486"}],"wp:featuredmedia":[{"embeddable":true,"href":"https:\/\/dev.adnart.com\/fr\/wp-json\/wp\/v2\/media\/30267"}],"wp:attachment":[{"href":"https:\/\/dev.adnart.com\/fr\/wp-json\/wp\/v2\/media?parent=18060"}],"wp:term":[{"taxonomy":"product_brand","embeddable":true,"href":"https:\/\/dev.adnart.com\/fr\/wp-json\/wp\/v2\/product_brand?post=18060"},{"taxonomy":"product_cat","embeddable":true,"href":"https:\/\/dev.adnart.com\/fr\/wp-json\/wp\/v2\/product_cat?post=18060"},{"taxonomy":"product_tag","embeddable":true,"href":"https:\/\/dev.adnart.com\/fr\/wp-json\/wp\/v2\/product_tag?post=18060"},{"taxonomy":"product-themes","embeddable":true,"href":"https:\/\/dev.adnart.com\/fr\/wp-json\/wp\/v2\/product-themes?post=18060"},{"taxonomy":"special","embeddable":true,"href":"https:\/\/dev.adnart.com\/fr\/wp-json\/wp\/v2\/special?post=18060"}],"curies":[{"name":"wp","href":"https:\/\/api.w.org\/{rel}","templated":true}]}}