{"id":17629,"date":"2021-08-27T12:19:36","date_gmt":"2021-08-27T12:19:36","guid":{"rendered":"http:\/\/localhost\/adnartLatest\/shop\/non%20class\u00e9\/aqualina-bf23-20oz-600ml-3\/"},"modified":"2026-02-20T05:26:18","modified_gmt":"2026-02-20T03:26:18","slug":"asobu-aqualina-bf23","status":"publish","type":"product","link":"https:\/\/dev.adnart.com\/fr\/produit\/asobu-aqualina-bf23\/","title":{"rendered":"ASOBU Aqualina &#8211; BF23"},"content":{"rendered":"<p>L&#8217;<strong>ASOBU<\/strong><strong> Aqualina<\/strong> a \u00e9t\u00e9 cr\u00e9\u00e9 exclusivement pour les personnes qui recherchent une pi\u00e8ce unique. La silhouette \u00e9l\u00e9gante et le couvercle \u00e0 double fonction placent ce gobelet dans une classe \u00e0 part.<\/p>\n<p>Savourez des boissons chaudes ou froides d&#8217;un simple geste. Il suffit de retirer la paille, de fermer le couvercle et de passer \u00e0 une boisson chaude. L&#8217;acier inoxydable \u00e0 double paroi et \u00e0 isolation sous vide garantit que les boissons restent chaudes ou froides pendant des heures. s&#8217;ins\u00e8re sans effort dans le porte-gobelet du v\u00e9hicule.<\/p>\n<p><strong>Ce produit est exempt de BPA et de plomb.<\/strong><\/p>\n","protected":false},"excerpt":{"rendered":"<p>Gobelet isotherme avec couvercle 2 en 1<\/p>\n","protected":false},"featured_media":29616,"comment_status":"open","ping_status":"closed","template":"","meta":{"inventory_464_copy":"<p>[api_inventory]<\/p>\n"},"product_brand":[],"product_cat":[2383,1893,2380,1612,2131,1586,1605,2618],"product_tag":[220,238,215,229,230,216,213,2581],"product-themes":[],"special":[],"class_list":{"0":"post-17629","1":"product","2":"type-product","3":"status-publish","4":"has-post-thumbnail","6":"product_cat-inventaire-approfondi","7":"product_cat-meilleures-ventes","8":"product_cat-nouvel-arrivage","9":"product_cat-tasses-et-gobelets-de-voyage","10":"product_cat-tasses-et-gobelets-de-voyage-fr","11":"product_cat-tasses-et-gobelets-en-acier-inoxydable","12":"product_cat-tasses-et-gobelets-en-acier-inoxydable-fr","13":"product_cat-tous-les-produits","14":"product_tag-acier-inoxydable-a-double-paroi-fr","15":"product_tag-couvercle-a-ouverture-rapide-pour-les-boissons-chaudes-fr","16":"product_tag-couvercle-etanche","17":"product_tag-finition-par-revetement-en-poudre-fr","18":"product_tag-ouverture-de-la-paille","19":"product_tag-paille-de-tritan","20":"product_tag-pour-les-boissons-chaudes-ou-froides","21":"product_tag-vacuum-insulated-fr","22":"pa_color-blanc","23":"pa_color-bleu-fr","24":"pa_color-menthe","25":"pa_color-noir","26":"pa_color-rose","27":"pa_color-rouge-2","28":"pa_materials-acier-inoxydable","29":"pa_materials-tritan-fr","31":"first","32":"instock","33":"shipping-taxable","34":"purchasable","35":"product-type-variable"},"_links":{"self":[{"href":"https:\/\/dev.adnart.com\/fr\/wp-json\/wp\/v2\/product\/17629","targetHints":{"allow":["GET"]}}],"collection":[{"href":"https:\/\/dev.adnart.com\/fr\/wp-json\/wp\/v2\/product"}],"about":[{"href":"https:\/\/dev.adnart.com\/fr\/wp-json\/wp\/v2\/types\/product"}],"replies":[{"embeddable":true,"href":"https:\/\/dev.adnart.com\/fr\/wp-json\/wp\/v2\/comments?post=17629"}],"version-history":[{"count":4,"href":"https:\/\/dev.adnart.com\/fr\/wp-json\/wp\/v2\/product\/17629\/revisions"}],"predecessor-version":[{"id":31089,"href":"https:\/\/dev.adnart.com\/fr\/wp-json\/wp\/v2\/product\/17629\/revisions\/31089"}],"wp:featuredmedia":[{"embeddable":true,"href":"https:\/\/dev.adnart.com\/fr\/wp-json\/wp\/v2\/media\/29616"}],"wp:attachment":[{"href":"https:\/\/dev.adnart.com\/fr\/wp-json\/wp\/v2\/media?parent=17629"}],"wp:term":[{"taxonomy":"product_brand","embeddable":true,"href":"https:\/\/dev.adnart.com\/fr\/wp-json\/wp\/v2\/product_brand?post=17629"},{"taxonomy":"product_cat","embeddable":true,"href":"https:\/\/dev.adnart.com\/fr\/wp-json\/wp\/v2\/product_cat?post=17629"},{"taxonomy":"product_tag","embeddable":true,"href":"https:\/\/dev.adnart.com\/fr\/wp-json\/wp\/v2\/product_tag?post=17629"},{"taxonomy":"product-themes","embeddable":true,"href":"https:\/\/dev.adnart.com\/fr\/wp-json\/wp\/v2\/product-themes?post=17629"},{"taxonomy":"special","embeddable":true,"href":"https:\/\/dev.adnart.com\/fr\/wp-json\/wp\/v2\/special?post=17629"}],"curies":[{"name":"wp","href":"https:\/\/api.w.org\/{rel}","templated":true}]}}