{"id":30284,"date":"2024-03-21T15:07:35","date_gmt":"2024-03-21T13:07:35","guid":{"rendered":"https:\/\/dev.adnart.com\/declaration-de-mission\/"},"modified":"2025-05-14T16:12:19","modified_gmt":"2025-05-14T14:12:19","slug":"declaration-de-mission","status":"publish","type":"page","link":"https:\/\/dev.adnart.com\/fr\/declaration-de-mission\/","title":{"rendered":"Notre mission et histoire"},"content":{"rendered":"\t\t<div data-elementor-type=\"wp-page\" data-elementor-id=\"30284\" class=\"elementor elementor-30284 elementor-27125\" data-elementor-post-type=\"page\">\n\t\t\t\t<div class=\"wd-negative-gap elementor-element elementor-element-0283140 e-flex e-con-boxed e-con e-parent\" data-id=\"0283140\" data-element_type=\"container\" data-e-type=\"container\">\n\t\t\t\t\t<div class=\"e-con-inner\">\n\t\t<div class=\"elementor-element elementor-element-43d6559 e-con-full e-flex e-con e-child\" data-id=\"43d6559\" data-element_type=\"container\" data-e-type=\"container\">\n\t\t<div class=\"elementor-element elementor-element-63fe4b4 e-con-full e-flex e-con e-child\" data-id=\"63fe4b4\" data-element_type=\"container\" data-e-type=\"container\">\n\t\t\t\t<div class=\"elementor-element elementor-element-d5ff94a elementor-widget__width-initial elementor-widget elementor-widget-heading\" data-id=\"d5ff94a\" data-element_type=\"widget\" data-e-type=\"widget\" data-widget_type=\"heading.default\">\n\t\t\t\t<div class=\"elementor-widget-container\">\n\t\t\t\t\t<h4 class=\"elementor-heading-title elementor-size-default\">Adnart a d\u00e9marr\u00e9 dans les ann\u00e9es 1990\nen tant qu'entreprise familiale.<\/h4>\t\t\t\t<\/div>\n\t\t\t\t<\/div>\n\t\t\t\t<div class=\"elementor-element elementor-element-4065712 elementor-widget__width-initial color-scheme-inherit text-left elementor-widget elementor-widget-text-editor\" data-id=\"4065712\" data-element_type=\"widget\" data-e-type=\"widget\" data-widget_type=\"text-editor.default\">\n\t\t\t\t<div class=\"elementor-widget-container\">\n\t\t\t\t\t\t\t\t\t<ul><li><span style=\"color: #ffffff;\"><span style=\"color: #ffffff;\">Chez Adnart, nous sommes passionn\u00e9s par le design, le divertissement et la fonctionnalit\u00e9. L&#8217;artisanat est notre fondement, et nous veillons \u00e0 ce que chaque produit refl\u00e8te ces valeurs.<\/span><\/span><p> <\/p><\/li><li><span style=\"color: #ffffff;\"><span style=\"color: #ffffff;\">Adnart a re\u00e7u de nombreux prix de design tout au long de son historie preuve de son engagement en faveur de l&#8217;excellence et de l&#8217;innovation. Ce qui est encore plus impressionnant, c&#8217;est que nos produits ont gagn\u00e9 du terrain dans plus de 50 pays gr\u00e2ce \u00e0 leur attrait universel et \u00e0 leur qualit\u00e9.<\/span><\/span><p> <\/p><\/li><li><span style=\"color: #ffffff;\"><span style=\"color: #ffffff;\">Nous ne nous arr\u00eatons jamais. Nous n&#8217;avons qu&#8217;une id\u00e9e en t\u00eate : le progr\u00e8s. Nous perfectionnons et innovons sans cesse. Nous repoussons toujours les limites, en introduisant de nouveaux designs qui promettent de vous plaire et de vous surprendre \u00e0 chaque saison.<\/span><\/span><p> <\/p><\/li><li><span style=\"color: #ffffff;\">Choisir Adnart, c&#8217;est adopter un sens de l&#8217;individualit\u00e9 et de la sophistication. Et le meilleur ? Nous nous engageons \u00e0 maintenir un niveau de prix accessible \u00e0 tous.<\/span><\/li><\/ul>\t\t\t\t\t\t\t\t<\/div>\n\t\t\t\t<\/div>\n\t\t\t\t<\/div>\n\t\t\t\t<\/div>\n\t\t\t\t\t<\/div>\n\t\t\t\t<\/div>\n\t\t\t\t<\/div>\n\t\t","protected":false},"excerpt":{"rendered":"<p>Adnart a d\u00e9marr\u00e9 dans les ann\u00e9es 1990 en tant qu&#8217;entreprise familiale. Chez Adnart, nous sommes passionn\u00e9s par le design, le<\/p>\n","protected":false},"author":3,"featured_media":0,"parent":0,"menu_order":0,"comment_status":"closed","ping_status":"closed","template":"","meta":{"footnotes":""},"class_list":["post-30284","page","type-page","status-publish","hentry"],"_hostinger_reach_plugin_has_subscription_block":false,"_hostinger_reach_plugin_is_elementor":false,"_links":{"self":[{"href":"https:\/\/dev.adnart.com\/fr\/wp-json\/wp\/v2\/pages\/30284","targetHints":{"allow":["GET"]}}],"collection":[{"href":"https:\/\/dev.adnart.com\/fr\/wp-json\/wp\/v2\/pages"}],"about":[{"href":"https:\/\/dev.adnart.com\/fr\/wp-json\/wp\/v2\/types\/page"}],"author":[{"embeddable":true,"href":"https:\/\/dev.adnart.com\/fr\/wp-json\/wp\/v2\/users\/3"}],"replies":[{"embeddable":true,"href":"https:\/\/dev.adnart.com\/fr\/wp-json\/wp\/v2\/comments?post=30284"}],"version-history":[{"count":5,"href":"https:\/\/dev.adnart.com\/fr\/wp-json\/wp\/v2\/pages\/30284\/revisions"}],"predecessor-version":[{"id":31338,"href":"https:\/\/dev.adnart.com\/fr\/wp-json\/wp\/v2\/pages\/30284\/revisions\/31338"}],"wp:attachment":[{"href":"https:\/\/dev.adnart.com\/fr\/wp-json\/wp\/v2\/media?parent=30284"}],"curies":[{"name":"wp","href":"https:\/\/api.w.org\/{rel}","templated":true}]}}