{"id":25728,"date":"2023-08-15T17:59:43","date_gmt":"2023-08-15T15:59:43","guid":{"rendered":"http:\/\/localhost\/adnartLatest\/politique-de-confidentialite\/"},"modified":"2025-05-15T17:34:06","modified_gmt":"2025-05-15T15:34:06","slug":"politique-de-confidentialite","status":"publish","type":"page","link":"https:\/\/dev.adnart.com\/fr\/politique-de-confidentialite\/","title":{"rendered":"Politique de confidentialit\u00e9"},"content":{"rendered":"\n<h3 class=\"wp-block-heading\">EN UTILISANT CE SITE WEB OU EN Y ACC\u00c9DANT, VOUS RECONNAISSEZ ET ACCEPTEZ LA PR\u00c9SENTE POLITIQUE DE PROTECTION DE LA VIE PRIV\u00c9E. VEUILLEZ LIRE ATTENTIVEMENT CETTE POLITIQUE. SI VOUS N&#8217;ACCEPTEZ PAS CETTE POLITIQUE, VEUILLEZ NE PAS UTILISER CE SITE WEB.<\/h3>\n\n<p>Cette politique a pour but de vous aider \u00e0 comprendre comment Ad n Art Inc., ses filiales et ses soci\u00e9t\u00e9s affili\u00e9es (collectivement, &#8220;Ad n Art&#8221;, &#8220;nous&#8221; ou &#8220;notre&#8221;) recueillent, utilisent et prot\u00e8gent les informations que vous fournissez sur ce site web. Cette politique couvre ce site web et tous les sites web d&#8217;Ad n Art, sauf indication contraire. Certains sites web d&#8217;Ad n Art peuvent avoir des politiques qui compl\u00e8tent la pr\u00e9sente politique. Nous vous encourageons \u00e0 lire cette politique et toute politique compl\u00e9mentaire sur les sites web d&#8217;Ad n Art. En cas de conflit entre la pr\u00e9sente politique et les conditions \u00e9nonc\u00e9es dans une politique compl\u00e9mentaire, cette derni\u00e8re s&#8217;appliquera au site web sur lequel cette politique compl\u00e9mentaire est affich\u00e9e.<\/p>\n\n<p><strong>Collecte d&#8217;informations personnelles<\/strong><\/p>\n\n<p>Si vous naviguez sur un site web d&#8217;Ad n Art, vous pouvez g\u00e9n\u00e9ralement le faire de mani\u00e8re anonyme sans fournir d&#8217;informations personnelles. Cependant, dans certains cas, nous pouvons vous demander des donn\u00e9es personnelles. Par exemple, nous organisons occasionnellement des enqu\u00eates en ligne pour mieux comprendre les besoins et le profil de nos visiteurs. En outre, nous pouvons vous demander des informations personnelles lorsque vous vous inscrivez pour recevoir des informations suppl\u00e9mentaires sur nos produits et services, lorsque vous t\u00e9l\u00e9chargez un logiciel, lorsque vous vous inscrivez \u00e0 un bulletin d&#8217;information ou lorsque vous nous envoyez une question. Dans ce cas, les informations personnelles que nous demandons sont g\u00e9n\u00e9ralement les suivantes : votre titre, vos nom et pr\u00e9nom, votre adresse postale et votre adresse \u00e9lectronique, ainsi que certaines informations relatives \u00e0 la facturation et \u00e0 la carte de cr\u00e9dit aux fins d&#8217;effectuer des paiements. En outre, nous pouvons vous donner la possibilit\u00e9 de soumettre des informations telles que votre date d&#8217;anniversaire, des informations concernant la taille et la composition de votre foyer et vos d\u00e9taillants pr\u00e9f\u00e9r\u00e9s, toutes ces informations \u00e9tant destin\u00e9es \u00e0 am\u00e9liorer votre exp\u00e9rience et \u00e0 vous informer sur nos offres de produits et de services. M\u00eame si vous choisissez de ne pas fournir les informations que nous demandons, vous pouvez toujours visiter la majeure partie du site web d&#8217;Ad n Art, mais il se peut que vous ne puissiez pas acc\u00e9der \u00e0 certaines options, offres et services.<\/p>\n\n<p><strong>Commandes<\/strong><\/p>\n\n<p>Comme indiqu\u00e9 ci-dessus, lorsque vous passez commande d&#8217;un produit ou d&#8217;un service, nous avons besoin de conna\u00eetre votre nom, votre adresse \u00e9lectronique, votre adresse postale, le num\u00e9ro de votre carte de cr\u00e9dit et sa date d&#8217;expiration. Ces informations personnelles sont n\u00e9cessaires pour que nous puissions traiter et ex\u00e9cuter votre commande, envoyer une confirmation de commande ou d&#8217;exp\u00e9dition, et vous informer de l&#8217;\u00e9tat de votre commande. Toutes les transactions Internet avec Ad n Art sont effectu\u00e9es sur un serveur s\u00e9curis\u00e9 qui crypte les informations relatives \u00e0 votre carte de cr\u00e9dit afin qu&#8217;elles ne soient pas lues par des tiers non autoris\u00e9s.<\/p>\n\n<p><strong>Ad n Art Mailings\/communications marketing<\/strong><\/p>\n\n<p>Si vous nous fournissez des informations personnelles et que vous choisissez de vous inscrire sur la liste d&#8217;adresses \u00e9lectroniques d&#8217;une entreprise particuli\u00e8re, nous vous inscrirons sur la liste de cette entreprise pour recevoir des courriels concernant les mises \u00e0 jour de produits\/services, les offres sp\u00e9ciales, les questions importantes et les nouveaux produits et services de cette entreprise ainsi que d&#8217;autres filiales et soci\u00e9t\u00e9s affili\u00e9es d&#8217;Ad n Art. Les informations personnelles que vous fournissez \u00e0 cette soci\u00e9t\u00e9 particuli\u00e8re seront partag\u00e9es en interne avec d&#8217;autres filiales et soci\u00e9t\u00e9s affili\u00e9es d&#8217;Ad n Art. Si vous ne souhaitez pas recevoir de mises \u00e0 jour par courrier \u00e9lectronique ou d&#8217;autres communications marketing de la part de cette soci\u00e9t\u00e9 ou d&#8217;autres filiales et soci\u00e9t\u00e9s affili\u00e9es d&#8217;Ad n Art, veuillez nous contacter \u00e0 l&#8217;adresse \u00e9lectronique d&#8217;exclusion sp\u00e9cifi\u00e9e ci-dessous.<\/p>\n\n<p><strong>Partage et utilisation des informations personnelles<\/strong><\/p>\n\n<p>Les informations personnelles qui nous sont fournies peuvent \u00eatre utilis\u00e9es \u00e0 des fins de marketing et de promotion uniquement par Ad n Art. Sauf dans les cas d\u00e9crits dans la pr\u00e9sente politique, Ad n Art ne loue pas, ne vend pas et ne distribue pas \u00e0 des tiers les informations personnelles saisies sur ce site sans votre consentement, \u00e0 moins que la loi ne l&#8217;exige ou que vous n&#8217;en soyez inform\u00e9 lors de la collecte des informations. Si vous nous donnez l&#8217;autorisation de partager vos informations avec des soci\u00e9t\u00e9s tierces, nous pouvons partager vos informations avec des soci\u00e9t\u00e9s tierces qui offrent des produits et des services susceptibles de vous int\u00e9resser. Ces entreprises peuvent ensuite vous contacter directement pour vous proposer des produits ou des \u00e9chantillons, des offres et des informations personnalis\u00e9es, ou pour vous demander votre avis sur des produits et des programmes qui, selon elles, pourraient vous int\u00e9resser.<\/p>\n\n<p>Nous pouvons partager vos informations personnelles avec nos fournisseurs de services tiers sur la base du besoin de savoir. Nous faisons appel \u00e0 des prestataires de services tiers pour effectuer certains services en notre nom. Afin de fournir ces services, les prestataires de services peuvent avoir besoin de conna\u00eetre vos informations personnelles. Nous exigeons qu&#8217;ils prot\u00e8gent ces informations et qu&#8217;ils ne les utilisent que pour fournir des services en notre nom. Par exemple, nous pouvons faire appel \u00e0 des soci\u00e9t\u00e9s d&#8217;exp\u00e9dition externes, \u00e0 des soci\u00e9t\u00e9s de traitement des cartes de cr\u00e9dit, \u00e0 des revendeurs, \u00e0 des distributeurs et \u00e0 des fournisseurs de contenu.<\/p>\n\n<p>En outre, nous pouvons partager des informations statistiques, anonymes ou agr\u00e9g\u00e9es non personnelles sur nos utilisateurs avec des annonceurs, des partenaires commerciaux, des sponsors et d&#8217;autres tiers. Ces donn\u00e9es sont utilis\u00e9es pour personnaliser le contenu du site web d&#8217;Ad n Art et la publicit\u00e9 afin d&#8217;offrir une meilleure exp\u00e9rience \u00e0 nos utilisateurs.<\/p>\n\n<p><strong>Cas particuliers<\/strong><\/p>\n\n<p>Ad n Art se r\u00e9serve le droit de divulguer des informations sur les utilisateurs dans des cas particuliers, lorsque nous avons des raisons de croire que la divulgation de ces informations est n\u00e9cessaire pour identifier, contacter ou intenter une action en justice contre quelqu&#8217;un qui pourrait causer des dommages ou interf\u00e9rer avec (intentionnellement ou non) nos droits ou notre propri\u00e9t\u00e9, d&#8217;autres utilisateurs du site Web d&#8217;Ad n Art ou toute autre personne qui pourrait \u00eatre l\u00e9s\u00e9e par de telles activit\u00e9s. Nous pouvons divulguer des informations personnelles sans pr\u00e9avis en r\u00e9ponse \u00e0 une citation \u00e0 compara\u00eetre ou lorsque nous pensons en toute bonne foi que la loi l&#8217;exige ou pour r\u00e9pondre \u00e0 une situation d&#8217;urgence. Nous pouvons \u00e9galement divulguer des informations personnelles dans le cadre d&#8217;une fusion ou d&#8217;une acquisition.<\/p>\n\n<p><strong>Transfert d&#8217;informations personnelles<\/strong><\/p>\n\n<p>En fonction du pays dans lequel vous vous trouvez, vos informations personnelles peuvent \u00eatre transf\u00e9r\u00e9es vers un autre pays pour y \u00eatre stock\u00e9es et trait\u00e9es. Lorsque nous transf\u00e9rons des informations personnelles, nous faisons des efforts commercialement raisonnables pour transf\u00e9rer les informations conform\u00e9ment \u00e0 toutes les lois applicables en mati\u00e8re de protection des donn\u00e9es.<\/p>\n\n<p><strong>Cookies et tra\u00e7age IP<\/strong><\/p>\n\n<p>Ce site peut utiliser des cookies \u00e0 des fins d&#8217;administration du site. Si, pour une raison quelconque, vous souhaitez ne pas profiter des cookies, vous pouvez demander \u00e0 votre navigateur de ne pas les accepter, bien que cela puisse d\u00e9sactiver ou rendre inutilisables certaines fonctions du site web Ad n Art.<\/p>\n\n<p>Ce site web peut \u00e9galement d\u00e9tecter et utiliser votre adresse IP ou votre nom de domaine \u00e0 des fins de contr\u00f4le interne du trafic et de la capacit\u00e9 ou pour administrer notre site web. Aucune information personnelle n&#8217;est obtenue, mais les habitudes d&#8217;utilisation de nos diff\u00e9rents utilisateurs peuvent \u00eatre suivies afin de vous fournir un service et un contenu am\u00e9lior\u00e9s sur la base d&#8217;analyses globales ou statistiques des habitudes de fr\u00e9quentation du site par les utilisateurs.<\/p>\n\n<p><strong>Autres outils d&#8217;analyse<\/strong><\/p>\n\n<p>Nous pouvons utiliser Google Analytics et d&#8217;autres outils d&#8217;analyse pour recueillir des informations globales et non identifiables. Ces outils nous permettent de recueillir des informations telles que les pages visit\u00e9es par les internautes, les produits qu&#8217;ils consultent, l&#8217;appareil qu&#8217;ils utilisent et l&#8217;endroit o\u00f9 ils se trouvent. En outre, nous utilisons actuellement des outils de gestion de la relation client dans le cadre de notre programme de gestion de la relation client, ce qui nous permet d&#8217;enregistrer les utilisateurs de notre site web et de mieux comprendre le contenu qu&#8217;ils consultent et les produits qui les int\u00e9ressent \u00e0 des fins de classement et de marketing.<\/p>\n\n<p><strong>Ne pas suivre<\/strong><\/p>\n\n<p>Actuellement, (i) d&#8217;autres parties (par exemple, des r\u00e9seaux publicitaires tiers et des fournisseurs de services d&#8217;analyse) peuvent ne pas collecter d&#8217;informations personnelles sur vos activit\u00e9s en ligne au fil du temps et sur diff\u00e9rents sites web lorsque vous utilisez notre site web ou nos services, et (ii) nous ne r\u00e9pondons pas aux signaux &#8220;Do-Not-Track&#8221; ou \u00e0 d&#8217;autres m\u00e9canismes similaires concernant la collecte d&#8217;informations personnellement identifiables sur les activit\u00e9s en ligne d&#8217;un consommateur au fil du temps et sur des sites web ou des services en ligne de tiers, et nous ne prenons aucune mesure sp\u00e9cifique en rapport avec la r\u00e9ception de ces signaux.<\/p>\n\n<p><strong>Politiques pour les enfants<\/strong><\/p>\n\n<p>En r\u00e8gle g\u00e9n\u00e9rale, nos sites web ne sont pas destin\u00e9s aux enfants de moins de 13 ans et nous ne recueillons pas sciemment d&#8217;informations aupr\u00e8s d&#8217;enfants de moins de 13 ans ; en outre, Ad n Art encourage les parents et les tuteurs \u00e0 surveiller les activit\u00e9s en ligne de leurs enfants et \u00e0 y participer. Toutefois, certains de nos sites web peuvent \u00eatre destin\u00e9s \u00e0 ces enfants et, dans ce cas, la politique de confidentialit\u00e9 de ces sites web le mentionnera, et nous ferons des efforts commercialement raisonnables pour nous conformer \u00e0 toutes les lois applicables destin\u00e9es \u00e0 prot\u00e9ger ces enfants, y compris la loi de 1998 sur la protection de la vie priv\u00e9e des enfants en ligne (Children&#8217;s Online Privacy Protection Act). \u00c0 moins que vous ne consultiez un site web sp\u00e9cifiquement destin\u00e9 aux enfants, aucune information ne doit \u00eatre soumise sur ce site par des utilisateurs de moins de 13 ans, et les utilisateurs de moins de 13 ans ne sont pas autoris\u00e9s \u00e0 s&#8217;inscrire \u00e0 des bulletins d&#8217;information, \u00e0 des clubs ou \u00e0 des activit\u00e9s. En outre, les utilisateurs de moins de 18 ans ne sont pas autoris\u00e9s \u00e0 effectuer des achats ou \u00e0 participer \u00e0 des concours, \u00e0 l&#8217;exception de ceux qui s&#8217;adressent sp\u00e9cifiquement aux enfants. Le cas \u00e9ch\u00e9ant, Ad n Art peut vous demander d&#8217;indiquer votre \u00e2ge pour v\u00e9rifier le respect de ces politiques.<\/p>\n\n<p><strong>Sites li\u00e9s<\/strong><\/p>\n\n<p>Veuillez noter que ce site web peut contenir des liens vers des sites web de tiers. Les sites li\u00e9s ne sont pas sous le contr\u00f4le d&#8217;Ad n Art, et nous ne sommes pas responsables du contenu, des pratiques de confidentialit\u00e9 ou d&#8217;autres activit\u00e9s de tout site li\u00e9 ou de tout lien sur un site li\u00e9.<\/p>\n\n<p><strong>Modifications de la politique de confidentialit\u00e9<\/strong><\/p>\n\n<p>Ad n Art se r\u00e9serve le droit de modifier ou de mettre \u00e0 jour cette politique, ou toute autre politique ou pratique, \u00e0 tout moment. Nous informerons les personnes qui nous ont communiqu\u00e9 des informations personnelles des changements importants apport\u00e9s \u00e0 ce site web dans un d\u00e9lai raisonnable. En outre, nous vous encourageons \u00e0 consulter r\u00e9guli\u00e8rement toute version actualis\u00e9e de la pr\u00e9sente politique, comme l&#8217;indique la date d&#8217;entr\u00e9e en vigueur de la pr\u00e9sente politique indiqu\u00e9e ci-dessous. Toute modification ou mise \u00e0 jour sera effective d\u00e8s sa publication sur le site d&#8217;Ad n Art. L&#8217;utilisation de ce site web apr\u00e8s la publication de ces modifications ou mises \u00e0 jour signifie que vous acceptez les conditions modifi\u00e9es.<\/p>\n\n<p><strong>Modifications de vos donn\u00e9es personnelles<\/strong><\/p>\n\n<p>Si vous avez des questions sur la pr\u00e9sente politique ou sur nos pratiques connexes, ou si vous souhaitez consulter, mettre \u00e0 jour ou supprimer des informations personnelles vous concernant que nous avons soumises ou collect\u00e9es, nous nous efforcerons de r\u00e9pondre \u00e0 ces questions, de faciliter cette consultation et de corriger, mettre \u00e0 jour ou supprimer les donn\u00e9es personnelles en question, selon votre demande. Dans ce cas, veuillez nous contacter via les points de contact indiqu\u00e9s ci-dessous :<\/p>\n\n<p><strong>Politique de marketing par SMS<\/strong><\/p>\n\n<p>Nous respectons votre vie priv\u00e9e. Nous n&#8217;utiliserons les informations que vous fournissez par l&#8217;interm\u00e9diaire du programme que pour transmettre vos messages mobiles et vous r\u00e9pondre, le cas \u00e9ch\u00e9ant. Cela inclut, sans s&#8217;y limiter, le partage d&#8217;informations avec des fournisseurs de plateformes, des compagnies de t\u00e9l\u00e9phone et d&#8217;autres vendeurs qui nous aident \u00e0 envoyer des messages mobiles. NOUS NE VENDONS PAS, NE LOUONS PAS, NE PR\u00caTONS PAS, N&#8217;\u00c9CHANGEONS PAS, OU NE TRANSF\u00c9RONS PAS \u00c0 DES FINS LUCRATIVES LES NUM\u00c9ROS DE T\u00c9L\u00c9PHONE OU LES INFORMATIONS SUR LES CLIENTS RECUEILLIES DANS LE CADRE DU PROGRAMME \u00c0 DES TIERS. N\u00e9anmoins, nous nous r\u00e9servons le droit de divulguer \u00e0 tout moment toute information n\u00e9cessaire pour satisfaire \u00e0 toute loi, r\u00e9glementation ou demande gouvernementale, pour \u00e9viter toute responsabilit\u00e9 ou pour prot\u00e9ger nos droits ou notre propri\u00e9t\u00e9. Lorsque vous remplissez des formulaires en ligne ou que vous nous fournissez des informations dans le cadre du programme, vous acceptez de fournir des informations exactes, compl\u00e8tes et v\u00e9ridiques. Vous acceptez de ne pas utiliser un nom faux ou trompeur ou un nom que vous n&#8217;\u00eates pas autoris\u00e9 \u00e0 utiliser. Si, \u00e0 notre seule discr\u00e9tion, nous estimons que ces informations sont fausses, inexactes ou incompl\u00e8tes, ou que vous vous \u00eates inscrit au programme dans un but inavou\u00e9, nous pouvons vous refuser l&#8217;acc\u00e8s au programme et exercer tous les recours juridiques appropri\u00e9s.<\/p>\n\n<p>Marketing textuel et notifications (le cas \u00e9ch\u00e9ant) : En saisissant votre num\u00e9ro de t\u00e9l\u00e9phone \u00e0 la caisse et en initialisant un achat, vous acceptez que nous vous envoyions des notifications par SMS (pour votre commande, y compris des rappels de panier abandonn\u00e9) et des offres de marketing par SMS. La fr\u00e9quence des SMS peut varier. Vous pouvez vous d\u00e9sabonner de tout autre message texte en r\u00e9pondant STOP. Les tarifs des messages et des donn\u00e9es peuvent s&#8217;appliquer. En outre, le site web utilise des cookies pour garder une trace des articles que vous mettez dans votre panier et pour nous indiquer si vous avez d\u00e9j\u00e0 visit\u00e9 le site web dans le pass\u00e9. Cela permet aux visiteurs de la boutique en ligne de conserver leur panier entre deux visites. Vous pouvez refuser les cookies en les d\u00e9sactivant dans votre navigateur.<\/p>\n\n<p>La section 1798.83 du code civil californien permet aux utilisateurs du programme qui sont des r\u00e9sidents californiens de demander certaines informations concernant la divulgation \u00e0 des tiers, \u00e0 des fins de marketing direct, des informations que vous fournissez par l&#8217;interm\u00e9diaire du programme. Pour faire une telle demande, veuillez nous contacter \u00e0 l&#8217;adresse ci-dessous :<\/p>\n\n<p>La pr\u00e9sente politique de confidentialit\u00e9 est strictement limit\u00e9e au programme et n&#8217;a aucun effet sur toute autre politique de confidentialit\u00e9 pouvant r\u00e9gir la relation entre vous et nous dans d&#8217;autres contextes.<\/p>\n\n<p>Si notre magasin est acquis ou fusionn\u00e9 avec une autre soci\u00e9t\u00e9, vos informations peuvent \u00eatre transf\u00e9r\u00e9es aux nouveaux propri\u00e9taires afin que nous puissions continuer \u00e0 vous vendre des produits.<\/p>\n\n<p><strong>\u00c9quipe charg\u00e9e de l&#8217;\u00e9thique et de la conformit\u00e9<br\/>Ad n Art Inc.<br\/>5760 Andover , Montr\u00e9al Qu\u00e9bec H4T1H4<\/strong><\/p>\n\n<p><strong>privacy@dev.adnart.com<\/strong><\/p>\n","protected":false},"excerpt":{"rendered":"<p>EN UTILISANT CE SITE WEB OU EN Y ACC\u00c9DANT, VOUS RECONNAISSEZ ET ACCEPTEZ LA PR\u00c9SENTE POLITIQUE DE PROTECTION DE LA<\/p>\n","protected":false},"author":17,"featured_media":0,"parent":0,"menu_order":0,"comment_status":"closed","ping_status":"open","template":"","meta":{"footnotes":""},"class_list":["post-25728","page","type-page","status-publish","hentry"],"_hostinger_reach_plugin_has_subscription_block":false,"_hostinger_reach_plugin_is_elementor":false,"_links":{"self":[{"href":"https:\/\/dev.adnart.com\/fr\/wp-json\/wp\/v2\/pages\/25728","targetHints":{"allow":["GET"]}}],"collection":[{"href":"https:\/\/dev.adnart.com\/fr\/wp-json\/wp\/v2\/pages"}],"about":[{"href":"https:\/\/dev.adnart.com\/fr\/wp-json\/wp\/v2\/types\/page"}],"author":[{"embeddable":true,"href":"https:\/\/dev.adnart.com\/fr\/wp-json\/wp\/v2\/users\/17"}],"replies":[{"embeddable":true,"href":"https:\/\/dev.adnart.com\/fr\/wp-json\/wp\/v2\/comments?post=25728"}],"version-history":[{"count":3,"href":"https:\/\/dev.adnart.com\/fr\/wp-json\/wp\/v2\/pages\/25728\/revisions"}],"predecessor-version":[{"id":31421,"href":"https:\/\/dev.adnart.com\/fr\/wp-json\/wp\/v2\/pages\/25728\/revisions\/31421"}],"wp:attachment":[{"href":"https:\/\/dev.adnart.com\/fr\/wp-json\/wp\/v2\/media?parent=25728"}],"curies":[{"name":"wp","href":"https:\/\/api.w.org\/{rel}","templated":true}]}}